{"id":11,"date":"2025-04-18T09:01:15","date_gmt":"2025-04-18T09:01:15","guid":{"rendered":"https:\/\/www.bohocolor.com\/shop\/"},"modified":"2025-04-23T09:11:04","modified_gmt":"2025-04-23T06:11:04","slug":"parduotuve","status":"publish","type":"page","link":"https:\/\/www.bohocolor.com\/lt\/parduotuve\/","title":{"rendered":"Parduotuv\u0117"},"content":{"rendered":"<p>Elegancija atitinka stiprumo kiekvien\u0105 detal\u0119. M\u016bs\u0173 atvej\u0173 yra skirtos apsaugoti j\u016bs\u0173 prietais\u0173 ir pakelti savo vibe.<\/p>","protected":false},"excerpt":{"rendered":"<p>Elegancija atitinka stiprumo kiekvien\u0105 detal\u0119. M\u016bs\u0173 atvej\u0173 yra skirtos apsaugoti j\u016bs\u0173 prietais\u0173 ir pakelti savo vibe.<\/p>","protected":false},"author":1,"featured_media":0,"parent":0,"menu_order":0,"comment_status":"closed","ping_status":"closed","template":"","meta":{"inline_featured_image":false,"footnotes":""},"class_list":["post-11","page","type-page","status-publish","hentry"],"yoast_head":"<!-- This site is optimized with the Yoast SEO Premium plugin v24.9 (Yoast SEO v27.2) - https:\/\/yoast.com\/product\/yoast-seo-premium-wordpress\/ -->\n<title>Shop | Bohocolor<\/title>\n<meta name=\"description\" content=\"Personalized phone cases that match your energy, style, and story.\" \/>\n<meta name=\"robots\" content=\"index, follow, max-snippet:-1, max-image-preview:large, max-video-preview:-1\" \/>\n<link rel=\"canonical\" href=\"https:\/\/www.bohocolor.com\/lt\/parduotuve\/\" \/>\n<meta property=\"og:locale\" content=\"lt_LT\" \/>\n<meta property=\"og:type\" content=\"article\" \/>\n<meta property=\"og:title\" content=\"Shop | Bohocolor\" \/>\n<meta property=\"og:description\" content=\"Personalized phone cases that match your energy, style, and story.\" \/>\n<meta property=\"og:url\" content=\"https:\/\/www.bohocolor.com\/lt\/parduotuve\/\" \/>\n<meta property=\"og:site_name\" content=\"Bohocolor\" \/>\n<meta property=\"article:publisher\" content=\"https:\/\/www.facebook.com\/bohocolor\" \/>\n<meta property=\"article:modified_time\" content=\"2025-04-23T06:11:04+00:00\" \/>\n<meta property=\"og:image\" content=\"https:\/\/www.bohocolor.com\/wp-content\/uploads\/2025\/05\/bohocolor_preview_01.jpg\" \/>\n\t<meta property=\"og:image:width\" content=\"1200\" \/>\n\t<meta property=\"og:image:height\" content=\"675\" \/>\n\t<meta property=\"og:image:type\" content=\"image\/jpeg\" \/>\n<meta name=\"twitter:card\" content=\"summary_large_image\" \/>\n<meta name=\"twitter:label1\" content=\"Est. reading time\" \/>\n\t<meta name=\"twitter:data1\" content=\"1 minut\u0117\" \/>\n<script type=\"application\/ld+json\" class=\"yoast-schema-graph\">{\"@context\":\"https:\/\/schema.org\",\"@graph\":[{\"@type\":\"WebPage\",\"@id\":\"https:\/\/www.bohocolor.com\/shop\/\",\"url\":\"https:\/\/www.bohocolor.com\/shop\/\",\"name\":\"Shop | Bohocolor\",\"isPartOf\":{\"@id\":\"https:\/\/www.bohocolor.com\/#website\"},\"datePublished\":\"2025-04-18T09:01:15+00:00\",\"dateModified\":\"2025-04-23T06:11:04+00:00\",\"description\":\"Personalized phone cases that match your energy, style, and story.\",\"breadcrumb\":{\"@id\":\"https:\/\/www.bohocolor.com\/shop\/#breadcrumb\"},\"inLanguage\":\"lt-LT\",\"potentialAction\":[{\"@type\":\"ReadAction\",\"target\":[\"https:\/\/www.bohocolor.com\/shop\/\"]}]},{\"@type\":\"BreadcrumbList\",\"@id\":\"https:\/\/www.bohocolor.com\/shop\/#breadcrumb\",\"itemListElement\":[{\"@type\":\"ListItem\",\"position\":1,\"name\":\"Home\",\"item\":\"https:\/\/www.bohocolor.com\/\"},{\"@type\":\"ListItem\",\"position\":2,\"name\":\"Shop\"}]},{\"@type\":\"WebSite\",\"@id\":\"https:\/\/www.bohocolor.com\/#website\",\"url\":\"https:\/\/www.bohocolor.com\/\",\"name\":\"Bohocolor\",\"description\":\"Great Vibes Everyday\",\"publisher\":{\"@id\":\"https:\/\/www.bohocolor.com\/#organization\"},\"potentialAction\":[{\"@type\":\"SearchAction\",\"target\":{\"@type\":\"EntryPoint\",\"urlTemplate\":\"https:\/\/www.bohocolor.com\/?s={search_term_string}\"},\"query-input\":{\"@type\":\"PropertyValueSpecification\",\"valueRequired\":true,\"valueName\":\"search_term_string\"}}],\"inLanguage\":\"lt-LT\"},{\"@type\":\"Organization\",\"@id\":\"https:\/\/www.bohocolor.com\/#organization\",\"name\":\"Bohocolor\",\"url\":\"https:\/\/www.bohocolor.com\/\",\"logo\":{\"@type\":\"ImageObject\",\"inLanguage\":\"lt-LT\",\"@id\":\"https:\/\/www.bohocolor.com\/#\/schema\/logo\/image\/\",\"url\":\"https:\/\/www.bohocolor.com\/wp-content\/uploads\/2025\/05\/bohocolor_emblem_10_transparent.png\",\"contentUrl\":\"https:\/\/www.bohocolor.com\/wp-content\/uploads\/2025\/05\/bohocolor_emblem_10_transparent.png\",\"width\":1991,\"height\":1991,\"caption\":\"Bohocolor\"},\"image\":{\"@id\":\"https:\/\/www.bohocolor.com\/#\/schema\/logo\/image\/\"},\"sameAs\":[\"https:\/\/www.facebook.com\/bohocolor\"]}]}<\/script>\n<!-- \/ Yoast SEO Premium plugin. -->","yoast_head_json":{"title":"Parduotuv\u0117 | Bohocolor","description":"Personalizuoti telefono d\u0117klai, atitinkantys j\u016bs\u0173 energij\u0105, stili\u0173 ir istorij\u0105.","robots":{"index":"index","follow":"follow","max-snippet":"max-snippet:-1","max-image-preview":"max-image-preview:large","max-video-preview":"max-video-preview:-1"},"canonical":"https:\/\/www.bohocolor.com\/lt\/parduotuve\/","og_locale":"lt_LT","og_type":"article","og_title":"Shop | Bohocolor","og_description":"Personalized phone cases that match your energy, style, and story.","og_url":"https:\/\/www.bohocolor.com\/lt\/parduotuve\/","og_site_name":"Bohocolor","article_publisher":"https:\/\/www.facebook.com\/bohocolor","article_modified_time":"2025-04-23T06:11:04+00:00","og_image":[{"width":1200,"height":675,"url":"https:\/\/www.bohocolor.com\/wp-content\/uploads\/2025\/05\/bohocolor_preview_01.jpg","type":"image\/jpeg"}],"twitter_card":"summary_large_image","twitter_misc":{"Est. reading time":"1 minut\u0117"},"schema":{"@context":"https:\/\/schema.org","@graph":[{"@type":"WebPage","@id":"https:\/\/www.bohocolor.com\/shop\/","url":"https:\/\/www.bohocolor.com\/shop\/","name":"Parduotuv\u0117 | Bohocolor","isPartOf":{"@id":"https:\/\/www.bohocolor.com\/#website"},"datePublished":"2025-04-18T09:01:15+00:00","dateModified":"2025-04-23T06:11:04+00:00","description":"Personalizuoti telefono d\u0117klai, atitinkantys j\u016bs\u0173 energij\u0105, stili\u0173 ir istorij\u0105.","breadcrumb":{"@id":"https:\/\/www.bohocolor.com\/shop\/#breadcrumb"},"inLanguage":"lt-LT","potentialAction":[{"@type":"ReadAction","target":["https:\/\/www.bohocolor.com\/shop\/"]}]},{"@type":"BreadcrumbList","@id":"https:\/\/www.bohocolor.com\/shop\/#breadcrumb","itemListElement":[{"@type":"ListItem","position":1,"name":"Home","item":"https:\/\/www.bohocolor.com\/"},{"@type":"ListItem","position":2,"name":"Shop"}]},{"@type":"WebSite","@id":"https:\/\/www.bohocolor.com\/#website","url":"https:\/\/www.bohocolor.com\/","name":"Bohocolor","description":"Labai Ritmais Kasdien","publisher":{"@id":"https:\/\/www.bohocolor.com\/#organization"},"potentialAction":[{"@type":"SearchAction","target":{"@type":"EntryPoint","urlTemplate":"https:\/\/www.bohocolor.com\/?s={search_term_string}"},"query-input":{"@type":"PropertyValueSpecification","valueRequired":true,"valueName":"search_term_string"}}],"inLanguage":"lt-LT"},{"@type":"Organization","@id":"https:\/\/www.bohocolor.com\/#organization","name":"Bohocolor","url":"https:\/\/www.bohocolor.com\/","logo":{"@type":"ImageObject","inLanguage":"lt-LT","@id":"https:\/\/www.bohocolor.com\/#\/schema\/logo\/image\/","url":"https:\/\/www.bohocolor.com\/wp-content\/uploads\/2025\/05\/bohocolor_emblem_10_transparent.png","contentUrl":"https:\/\/www.bohocolor.com\/wp-content\/uploads\/2025\/05\/bohocolor_emblem_10_transparent.png","width":1991,"height":1991,"caption":"Bohocolor"},"image":{"@id":"https:\/\/www.bohocolor.com\/#\/schema\/logo\/image\/"},"sameAs":["https:\/\/www.facebook.com\/bohocolor"]}]}},"_links":{"self":[{"href":"https:\/\/www.bohocolor.com\/lt\/wp-json\/wp\/v2\/pages\/11","targetHints":{"allow":["GET"]}}],"collection":[{"href":"https:\/\/www.bohocolor.com\/lt\/wp-json\/wp\/v2\/pages"}],"about":[{"href":"https:\/\/www.bohocolor.com\/lt\/wp-json\/wp\/v2\/types\/page"}],"author":[{"embeddable":true,"href":"https:\/\/www.bohocolor.com\/lt\/wp-json\/wp\/v2\/users\/1"}],"replies":[{"embeddable":true,"href":"https:\/\/www.bohocolor.com\/lt\/wp-json\/wp\/v2\/comments?post=11"}],"version-history":[{"count":0,"href":"https:\/\/www.bohocolor.com\/lt\/wp-json\/wp\/v2\/pages\/11\/revisions"}],"wp:attachment":[{"href":"https:\/\/www.bohocolor.com\/lt\/wp-json\/wp\/v2\/media?parent=11"}],"curies":[{"name":"wp","href":"https:\/\/api.w.org\/{rel}","templated":true}]}}