{"id":185,"date":"2024-06-10T08:15:29","date_gmt":"2024-06-10T08:15:29","guid":{"rendered":"https:\/\/raw.githubusercontent.com\/drfuri\/demo-content\/main\/ecomus\/fashion\/images\/?page_id=185"},"modified":"2025-04-27T21:57:57","modified_gmt":"2025-04-27T18:57:57","slug":"privatumas","status":"publish","type":"page","link":"https:\/\/www.bohocolor.com\/lt\/privatumas\/","title":{"rendered":"Privatumas"},"content":{"rendered":"<div data-elementor-type=\"wp-page\" data-elementor-id=\"185\" class=\"elementor elementor-185\" data-elementor-post-type=\"page\">\n\t\t\t\t<div class=\"elementor-element elementor-element-f0c432e e-flex e-con-boxed ecomus-responsive-column ecomus-tablet-column--default ecomus-responsive-column ecomus-mobile-column--default e-con e-parent\" data-id=\"f0c432e\" data-element_type=\"container\">\n\t\t\t\t\t<div class=\"e-con-inner\">\n\t\t<div class=\"elementor-element elementor-element-6373f55 e-con-full e-flex ecomus-responsive-column ecomus-tablet-column--default ecomus-responsive-column ecomus-mobile-column--default e-con e-child\" data-id=\"6373f55\" data-element_type=\"container\">\n\t\t\t\t<\/div>\n\t\t<div class=\"elementor-element elementor-element-20b2d96 e-con-full e-flex ecomus-responsive-column ecomus-tablet-column--default ecomus-responsive-column ecomus-mobile-column--default e-con e-child\" data-id=\"20b2d96\" data-element_type=\"container\">\n\t\t\t\t<div class=\"elementor-element elementor-element-fb4c2aa elementor-widget elementor-widget-ecomus-heading\" data-id=\"fb4c2aa\" data-element_type=\"widget\" data-widget_type=\"ecomus-heading.default\">\n\t\t\t\t<div class=\"elementor-widget-container\">\n\t\t\t\t\t\t\t<div class=\"ecomus-heading-elementor\">\r\n\t\t\t\t<h5 class=\"ecomus-heading em-flex em-flex-align-center ecomus-heading--default\">\r\n\t\t\t\t\t\t\t\t\t\tM\u016bs\u0173 \u012fsipareigojimas j\u016bs\u0173 privatumui\t\t\t\t<\/h5>\r\n\t\t\t<\/div>\r\n\t\t\t\t\t\t<\/div>\n\t\t\t\t<\/div>\n\t\t\t\t<div class=\"elementor-element elementor-element-22906db elementor-widget elementor-widget-text-editor\" data-id=\"22906db\" data-element_type=\"widget\" data-widget_type=\"text-editor.default\">\n\t\t\t\t<div class=\"elementor-widget-container\">\n\t\t\t\t\t\t\t\t\t<p>BOHOCOLOR svarbiausias prioritetas \u2013 j\u016bs\u0173 asmens duomen\u0173 apsauga, siekiant u\u017etikrinti i\u0161skirtin\u0119 nar\u0161ymo patirt\u012f. \u0160iame prane\u0161ime paai\u0161kinama, kaip renkame, saugome ir naudojame j\u016bs\u0173 duomenis, taip pat kaip suteikiame jums galimyb\u0119 kontroliuoti m\u016bs\u0173 renkam\u0105 informacij\u0105. Toliau rasite i\u0161sami\u0105 informacij\u0105 apie m\u016bs\u0173 duomen\u0173 rinkimo praktik\u0105, j\u0173 naudojimo paskirt\u012f, dalijimosi taisykles bei j\u016bs\u0173 teises, susijusias su asmens informacija.<\/p><p>Naudodamiesi m\u016bs\u0173 svetaine, j\u016bs (lankytojas) sutinkate leisti tre\u010diosioms \u0161alims tvarkyti j\u016bs\u0173 IP adres\u0105, kad b\u016bt\u0173 galima nustatyti j\u016bs\u0173 buvimo viet\u0105 valiutos konvertavimo tikslais. J\u016bs taip pat sutinkate, kad pasirinkta valiuta b\u016bt\u0173 saugoma j\u016bs\u0173 nar\u0161ykl\u0117s seanso slapuke (laikiname slapuke, kuris automati\u0161kai i\u0161trinamas u\u017edarius nar\u0161ykl\u0119). Tai u\u017etikrina, kad valiuta i\u0161likt\u0173 pastovi, kai nar\u0161ote m\u016bs\u0173 svetain\u0117je, ir kad kainos b\u016bt\u0173 konvertuojamos \u012f j\u016bs\u0173 vietin\u0119 valiut\u0105.<\/p>\t\t\t\t\t\t\t\t<\/div>\n\t\t\t\t<\/div>\n\t\t\t\t<div class=\"elementor-element elementor-element-db0940f elementor-widget elementor-widget-ecomus-heading\" data-id=\"db0940f\" data-element_type=\"widget\" data-widget_type=\"ecomus-heading.default\">\n\t\t\t\t<div class=\"elementor-widget-container\">\n\t\t\t\t\t\t\t<div class=\"ecomus-heading-elementor\">\r\n\t\t\t\t<h5 class=\"ecomus-heading em-flex em-flex-align-center ecomus-heading--default\">\r\n\t\t\t\t\t\t\t\t\t\tDuomen\u0173 rinkimas\t\t\t\t<\/h5>\r\n\t\t\t<\/div>\r\n\t\t\t\t\t\t<\/div>\n\t\t\t\t<\/div>\n\t\t\t\t<div class=\"elementor-element elementor-element-457cd69 elementor-widget elementor-widget-text-editor\" data-id=\"457cd69\" data-element_type=\"widget\" data-widget_type=\"text-editor.default\">\n\t\t\t\t<div class=\"elementor-widget-container\">\n\t\t\t\t\t\t\t\t\t<p>Mes renkame \u012fvairi\u0173 tip\u0173 asmenin\u0119 informacij\u0105, \u012fskaitant:<\/p><ul><li>Pagrindin\u0117 demografin\u0117 informacija, pvz., vardas, pavard\u0117, am\u017eius ir lytis<\/li><li>Su \u012frenginiu susij\u0119 duomenys, pvz., IP adresai ir \u012frengini\u0173 tipai<\/li><li>Vietos informacija ir bet koks susira\u0161in\u0117jimas su mumis<\/li><li>Kontaktin\u0117 informacija, \u012fskaitant adresus, telefono numerius ir el. pa\u0161to adresus<\/li><li>Bendravimo nuostatos ir atsiliepimai<br \/>Socialini\u0173 tinkl\u0173 vartotojo vardas ir veikla internete<\/li><li>Pirkim\u0173 istorija ir nar\u0161ymo elgsena m\u016bs\u0173 svetain\u0117je<\/li><li>Kiti vie\u0161ai prieinami duomenys i\u0161 toki\u0173 platform\u0173 kaip \u201eInstagram\u201c ar \u201eTwitter\u201c<\/li><\/ul><p>\u0160is s\u0105ra\u0161as n\u0117ra baigtinis, ir mes galime rinkti papildomus duomenis, jei to reikia \u0161iame prane\u0161ime nurodytais tikslais. Duomenis renkame tiek tiesiogiai, pavyzd\u017eiui, kai sukuriate paskyr\u0105 arba susisiekiate su mumis, tiek netiesiogiai, per nar\u0161ymo veikl\u0105 arba i\u0161 tre\u010di\u0173j\u0173 \u0161ali\u0173 \u0161altini\u0173, gav\u0119 j\u016bs\u0173 sutikim\u0105.<\/p>\t\t\t\t\t\t\t\t<\/div>\n\t\t\t\t<\/div>\n\t\t\t\t<div class=\"elementor-element elementor-element-a85f6a9 elementor-widget elementor-widget-ecomus-heading\" data-id=\"a85f6a9\" data-element_type=\"widget\" data-widget_type=\"ecomus-heading.default\">\n\t\t\t\t<div class=\"elementor-widget-container\">\n\t\t\t\t\t\t\t<div class=\"ecomus-heading-elementor\">\r\n\t\t\t\t<h5 class=\"ecomus-heading em-flex em-flex-align-center ecomus-heading--default\">\r\n\t\t\t\t\t\t\t\t\t\tKaip mes naudojame j\u016bs\u0173 duomenis\t\t\t\t<\/h5>\r\n\t\t\t<\/div>\r\n\t\t\t\t\t\t<\/div>\n\t\t\t\t<\/div>\n\t\t\t\t<div class=\"elementor-element elementor-element-616fe34 elementor-widget elementor-widget-text-editor\" data-id=\"616fe34\" data-element_type=\"widget\" data-widget_type=\"text-editor.default\">\n\t\t\t\t<div class=\"elementor-widget-container\">\n\t\t\t\t\t\t\t\t\t<p>J\u016bs\u0173 asmens duomenis naudojame \u012fvairiais tikslais, \u012fskaitant:<\/p><ul><li>Produkt\u0173 ir paslaug\u0173 teikimas<\/li><li>Reklamini\u0173 prane\u0161im\u0173 siuntimas su j\u016bs\u0173 sutikimu<\/li><li>M\u016bs\u0173 svetain\u0117s suasmeninimas siekiant pagerinti j\u016bs\u0173 patirt\u012f<\/li><li>Analiz\u0117s ir tyrim\u0173 atlikimas siekiant pagerinti naudotoj\u0173 patirt\u012f<\/li><li>Tapatyb\u0117s tikrinimas ir suk\u010diavimo prevencija<\/li><li>Teisini\u0173 reikalavim\u0173 laikymasis arba tyrim\u0173 atlikimas<\/li><li>Tikslini\u0173 skelbim\u0173 rodymas internetin\u0117se platformose<\/li><\/ul>\t\t\t\t\t\t\t\t<\/div>\n\t\t\t\t<\/div>\n\t\t\t\t<div class=\"elementor-element elementor-element-f1ba187 elementor-widget elementor-widget-ecomus-heading\" data-id=\"f1ba187\" data-element_type=\"widget\" data-widget_type=\"ecomus-heading.default\">\n\t\t\t\t<div class=\"elementor-widget-container\">\n\t\t\t\t\t\t\t<div class=\"ecomus-heading-elementor\">\r\n\t\t\t\t<h5 class=\"ecomus-heading em-flex em-flex-align-center ecomus-heading--default\">\r\n\t\t\t\t\t\t\t\t\t\tRinkodara ir reklamin\u0117 komunikacija\t\t\t\t<\/h5>\r\n\t\t\t<\/div>\r\n\t\t\t\t\t\t<\/div>\n\t\t\t\t<\/div>\n\t\t\t\t<div class=\"elementor-element elementor-element-d8dc545 elementor-widget elementor-widget-text-editor\" data-id=\"d8dc545\" data-element_type=\"widget\" data-widget_type=\"text-editor.default\">\n\t\t\t\t<div class=\"elementor-widget-container\">\n\t\t\t\t\t\t\t\t\t<p>J\u016bs\u0173 asmens duomenis naudojame tam, kad informuotume jus apie naujausius BOHOCOLOR pasi\u016blymus, renginius ir atnaujinimus tekstin\u0117mis \u017einut\u0117mis, el. pa\u0161tu ir internetin\u0117je \u017einiasklaidoje. J\u016bs turite galimyb\u0119 bet kada atsisakyti \u0161i\u0173 prane\u0161im\u0173 \u012fvairiais kanalais.<\/p>\t\t\t\t\t\t\t\t<\/div>\n\t\t\t\t<\/div>\n\t\t\t\t<div class=\"elementor-element elementor-element-f6a1e26 elementor-widget elementor-widget-ecomus-heading\" data-id=\"f6a1e26\" data-element_type=\"widget\" data-widget_type=\"ecomus-heading.default\">\n\t\t\t\t<div class=\"elementor-widget-container\">\n\t\t\t\t\t\t\t<div class=\"ecomus-heading-elementor\">\r\n\t\t\t\t<h5 class=\"ecomus-heading em-flex em-flex-align-center ecomus-heading--default\">\r\n\t\t\t\t\t\t\t\t\t\tPersonalizavimas ir automatizuotas sprendim\u0173 pri\u0117mimas\t\t\t\t<\/h5>\r\n\t\t\t<\/div>\r\n\t\t\t\t\t\t<\/div>\n\t\t\t\t<\/div>\n\t\t\t\t<div class=\"elementor-element elementor-element-46d709a elementor-widget elementor-widget-text-editor\" data-id=\"46d709a\" data-element_type=\"widget\" data-widget_type=\"text-editor.default\">\n\t\t\t\t<div class=\"elementor-widget-container\">\n\t\t\t\t\t\t\t\t\t<p>Nar\u0161ydami m\u016bs\u0173 svetain\u0117je, kitose platformose galite matyti suasmenintus skelbimus, pagr\u012fstus j\u016bs\u0173 nar\u0161ymo elgsena. Mes galime naudoti automatizuotus sprendim\u0173 pri\u0117mimo procesus, kad pritaikytume prane\u0161imus ir tobulintume savo paslaugas, visada siekdami teikti aktual\u0173 ir auk\u0161tos kokyb\u0117s turin\u012f. J\u016bs galite bet kada atsisakyti toki\u0173 prane\u0161im\u0173 \u012fvairiais kanalais.<\/p>\t\t\t\t\t\t\t\t<\/div>\n\t\t\t\t<\/div>\n\t\t\t\t<div class=\"elementor-element elementor-element-2cf9811 elementor-widget elementor-widget-ecomus-heading\" data-id=\"2cf9811\" data-element_type=\"widget\" data-widget_type=\"ecomus-heading.default\">\n\t\t\t\t<div class=\"elementor-widget-container\">\n\t\t\t\t\t\t\t<div class=\"ecomus-heading-elementor\">\r\n\t\t\t\t<h5 class=\"ecomus-heading em-flex em-flex-align-center ecomus-heading--default\">\r\n\t\t\t\t\t\t\t\t\t\tSlapukai\t\t\t\t<\/h5>\r\n\t\t\t<\/div>\r\n\t\t\t\t\t\t<\/div>\n\t\t\t\t<\/div>\n\t\t\t\t<div class=\"elementor-element elementor-element-acad887 elementor-widget elementor-widget-text-editor\" data-id=\"acad887\" data-element_type=\"widget\" data-widget_type=\"text-editor.default\">\n\t\t\t\t<div class=\"elementor-widget-container\">\n\t\t\t\t\t\t\t\t\t<p>M\u016bs\u0173 svetain\u0117 naudoja slapukus nar\u0161ymo elgsenai steb\u0117ti, kad geriau suprastume naudotoj\u0173 pageidavimus ir patobulintume savo paslaugas. I\u0161samesn\u0117s informacijos apie slapukus rasite m\u016bs\u0173 Slapuk\u0173 politikoje.<\/p>\t\t\t\t\t\t\t\t<\/div>\n\t\t\t\t<\/div>\n\t\t\t\t<div class=\"elementor-element elementor-element-0f16df7 elementor-widget elementor-widget-ecomus-heading\" data-id=\"0f16df7\" data-element_type=\"widget\" data-widget_type=\"ecomus-heading.default\">\n\t\t\t\t<div class=\"elementor-widget-container\">\n\t\t\t\t\t\t\t<div class=\"ecomus-heading-elementor\">\r\n\t\t\t\t<h5 class=\"ecomus-heading em-flex em-flex-align-center ecomus-heading--default\">\r\n\t\t\t\t\t\t\t\t\t\tDuomen\u0173 bendrinimas su tre\u010diosiomis \u0161alimis\t\t\t\t<\/h5>\r\n\t\t\t<\/div>\r\n\t\t\t\t\t\t<\/div>\n\t\t\t\t<\/div>\n\t\t\t\t<div class=\"elementor-element elementor-element-f77dde0 elementor-widget elementor-widget-text-editor\" data-id=\"f77dde0\" data-element_type=\"widget\" data-widget_type=\"text-editor.default\">\n\t\t\t\t<div class=\"elementor-widget-container\">\n\t\t\t\t\t\t\t\t\t<p>J\u016bs\u0173 duomenis galime bendrinti su patikimais partneriais \u012fvairiais tikslais, pavyzd\u017eiui, logistikos, rinkodaros ir suk\u010diavimo prevencijos. \u0160ie partneriai yra sutartimi \u012fpareigoti saugiai tvarkyti j\u016bs\u0173 duomenis ir tik nurodytais konkre\u010diais tikslais.<\/p>\t\t\t\t\t\t\t\t<\/div>\n\t\t\t\t<\/div>\n\t\t\t\t<div class=\"elementor-element elementor-element-1f2b807 elementor-widget elementor-widget-ecomus-heading\" data-id=\"1f2b807\" data-element_type=\"widget\" data-widget_type=\"ecomus-heading.default\">\n\t\t\t\t<div class=\"elementor-widget-container\">\n\t\t\t\t\t\t\t<div class=\"ecomus-heading-elementor\">\r\n\t\t\t\t<h5 class=\"ecomus-heading em-flex em-flex-align-center ecomus-heading--default\">\r\n\t\t\t\t\t\t\t\t\t\tDuomen\u0173 naudojimo teisinis pagrindas\t\t\t\t<\/h5>\r\n\t\t\t<\/div>\r\n\t\t\t\t\t\t<\/div>\n\t\t\t\t<\/div>\n\t\t\t\t<div class=\"elementor-element elementor-element-5c548b5 elementor-widget elementor-widget-text-editor\" data-id=\"5c548b5\" data-element_type=\"widget\" data-widget_type=\"text-editor.default\">\n\t\t\t\t<div class=\"elementor-widget-container\">\n\t\t\t\t\t\t\t\t\t<p>Asmens duomenis tvarkome remdamiesi sutartiniais \u012fsipareigojimais, teis\u0117tais interesais, teisiniais reikalavimais arba j\u016bs\u0173 sutikimu. J\u016bs turite teis\u0119 bet kuriuo metu at\u0161aukti sutikim\u0105.<\/p>\t\t\t\t\t\t\t\t<\/div>\n\t\t\t\t<\/div>\n\t\t\t\t<div class=\"elementor-element elementor-element-a3e480c elementor-widget elementor-widget-ecomus-heading\" data-id=\"a3e480c\" data-element_type=\"widget\" data-widget_type=\"ecomus-heading.default\">\n\t\t\t\t<div class=\"elementor-widget-container\">\n\t\t\t\t\t\t\t<div class=\"ecomus-heading-elementor\">\r\n\t\t\t\t<h5 class=\"ecomus-heading em-flex em-flex-align-center ecomus-heading--default\">\r\n\t\t\t\t\t\t\t\t\t\tDuomen\u0173 saugumas\t\t\t\t<\/h5>\r\n\t\t\t<\/div>\r\n\t\t\t\t\t\t<\/div>\n\t\t\t\t<\/div>\n\t\t\t\t<div class=\"elementor-element elementor-element-dc159f0 elementor-widget elementor-widget-text-editor\" data-id=\"dc159f0\" data-element_type=\"widget\" data-widget_type=\"text-editor.default\">\n\t\t\t\t<div class=\"elementor-widget-container\">\n\t\t\t\t\t\t\t\t\t<p>BOHOCOLOR yra \u012fsipareigojusi u\u017etikrinti j\u016bs\u0173 asmens duomen\u0173 saugum\u0105, naudodama \u0161ifravim\u0105, reguliarius vertinimus ir vidaus politik\u0105, kuri skatina duomen\u0173 apsaug\u0105.<\/p>\t\t\t\t\t\t\t\t<\/div>\n\t\t\t\t<\/div>\n\t\t\t\t<div class=\"elementor-element elementor-element-3d0dd76 elementor-widget elementor-widget-ecomus-heading\" data-id=\"3d0dd76\" data-element_type=\"widget\" data-widget_type=\"ecomus-heading.default\">\n\t\t\t\t<div class=\"elementor-widget-container\">\n\t\t\t\t\t\t\t<div class=\"ecomus-heading-elementor\">\r\n\t\t\t\t<h5 class=\"ecomus-heading em-flex em-flex-align-center ecomus-heading--default\">\r\n\t\t\t\t\t\t\t\t\t\tTarptautinis duomen\u0173 perdavimas\t\t\t\t<\/h5>\r\n\t\t\t<\/div>\r\n\t\t\t\t\t\t<\/div>\n\t\t\t\t<\/div>\n\t\t\t\t<div class=\"elementor-element elementor-element-0b2e189 elementor-widget elementor-widget-text-editor\" data-id=\"0b2e189\" data-element_type=\"widget\" data-widget_type=\"text-editor.default\">\n\t\t\t\t<div class=\"elementor-widget-container\">\n\t\t\t\t\t\t\t\t\t<p>Prireikus, laikydamiesi duomen\u0173 apsaugos \u012fstatym\u0173, perduodame asmens duomenis u\u017e Europos ekonomin\u0117s erdv\u0117s rib\u0173, u\u017etikrindami j\u016bs\u0173 duomen\u0173 saugum\u0105 ir privatumo apsaug\u0105.<\/p>\t\t\t\t\t\t\t\t<\/div>\n\t\t\t\t<\/div>\n\t\t\t\t<div class=\"elementor-element elementor-element-1e39ee2 elementor-widget elementor-widget-ecomus-heading\" data-id=\"1e39ee2\" data-element_type=\"widget\" data-widget_type=\"ecomus-heading.default\">\n\t\t\t\t<div class=\"elementor-widget-container\">\n\t\t\t\t\t\t\t<div class=\"ecomus-heading-elementor\">\r\n\t\t\t\t<h5 class=\"ecomus-heading em-flex em-flex-align-center ecomus-heading--default\">\r\n\t\t\t\t\t\t\t\t\t\tDuomen\u0173 saugojimas\t\t\t\t<\/h5>\r\n\t\t\t<\/div>\r\n\t\t\t\t\t\t<\/div>\n\t\t\t\t<\/div>\n\t\t\t\t<div class=\"elementor-element elementor-element-d0a4c94 elementor-widget elementor-widget-text-editor\" data-id=\"d0a4c94\" data-element_type=\"widget\" data-widget_type=\"text-editor.default\">\n\t\t\t\t<div class=\"elementor-widget-container\">\n\t\t\t\t\t\t\t\t\t<p>J\u016bs\u0173 duomenis saugome tik tiek laiko, kiek b\u016btina nurodytiems tikslams pasiekti, laikydamiesi teisini\u0173 reikalavim\u0173 ir m\u016bs\u0173 Duomen\u0173 saugojimo politikos.<\/p>\t\t\t\t\t\t\t\t<\/div>\n\t\t\t\t<\/div>\n\t\t\t\t<div class=\"elementor-element elementor-element-7e23cd6 elementor-widget elementor-widget-ecomus-heading\" data-id=\"7e23cd6\" data-element_type=\"widget\" data-widget_type=\"ecomus-heading.default\">\n\t\t\t\t<div class=\"elementor-widget-container\">\n\t\t\t\t\t\t\t<div class=\"ecomus-heading-elementor\">\r\n\t\t\t\t<h5 class=\"ecomus-heading em-flex em-flex-align-center ecomus-heading--default\">\r\n\t\t\t\t\t\t\t\t\t\tJ\u016bs\u0173 teis\u0117s\t\t\t\t<\/h5>\r\n\t\t\t<\/div>\r\n\t\t\t\t\t\t<\/div>\n\t\t\t\t<\/div>\n\t\t\t\t<div class=\"elementor-element elementor-element-73bc894 elementor-widget elementor-widget-text-editor\" data-id=\"73bc894\" data-element_type=\"widget\" data-widget_type=\"text-editor.default\">\n\t\t\t\t<div class=\"elementor-widget-container\">\n\t\t\t\t\t\t\t\t\t<p>J\u016bs turite kelet\u0105 teisi\u0173, susijusi\u0173 su j\u016bs\u0173 asmens duomenimis, \u012fskaitant teis\u0119 susipa\u017einti su duomenimis, juos i\u0161taisyti, nesutikti su jais, juos i\u0161trinti ir pra\u0161yti juos perkelti. Nor\u0117dami pasinaudoti \u0161iomis teis\u0117mis arba papra\u0161yti papildomos informacijos, susisiekite su mumis el. pa\u0161tu.<\/p><p>Mes labai vertiname j\u016bs\u0173 privatum\u0105 ir siekiame skaidriai tvarkyti savo duomenis. Jei turite klausim\u0173 ar abejoni\u0173, nedvejodami susisiekite su mumis.<\/p>\t\t\t\t\t\t\t\t<\/div>\n\t\t\t\t<\/div>\n\t\t\t\t<\/div>\n\t\t<div class=\"elementor-element elementor-element-20dc6ac e-con-full e-flex ecomus-responsive-column ecomus-tablet-column--default ecomus-responsive-column ecomus-mobile-column--default e-con e-child\" data-id=\"20dc6ac\" data-element_type=\"container\">\n\t\t\t\t<\/div>\n\t\t\t\t\t<\/div>\n\t\t\t\t<\/div>\n\t\t\t\t<\/div>","protected":false},"excerpt":{"rendered":"<p>M\u016bs\u0173 \u012fsipareigojimas u\u017etikrinti j\u016bs\u0173 privatum\u0105 BOHOCOLOR j\u016bs\u0173 asmenin\u0117s informacijos apsauga yra m\u016bs\u0173 svarbiausias prioritetas, nes siekiame suteikti i\u0161skirtin\u0119 patirt\u012f. \u0160iame prane\u0161ime apra\u0161oma, kaip renkame, saugome ir naudojame j\u016bs\u0173 duomenis, kartu suteikdami jums galimyb\u0119 kontroliuoti m\u016bs\u0173 surinkt\u0105 informacij\u0105. Toliau paai\u0161kiname savo duomen\u0173 rinkimo praktik\u0105, numatomus j\u0173 naudojimo b\u016bdus, dalijim\u0105si duomenimis ir [...]<\/p>","protected":false},"author":1,"featured_media":0,"parent":0,"menu_order":0,"comment_status":"closed","ping_status":"closed","template":"","meta":{"inline_featured_image":false,"footnotes":""},"class_list":["post-185","page","type-page","status-publish","hentry"],"yoast_head":"<!-- This site is optimized with the Yoast SEO Premium plugin v24.9 (Yoast SEO v27.2) - https:\/\/yoast.com\/product\/yoast-seo-premium-wordpress\/ -->\n<title>Privacy Policy | Bohocolor<\/title>\n<meta name=\"description\" content=\"Personalized phone cases that match your energy, style, and story.\" \/>\n<meta name=\"robots\" content=\"index, follow, max-snippet:-1, max-image-preview:large, max-video-preview:-1\" \/>\n<link rel=\"canonical\" href=\"https:\/\/www.bohocolor.com\/lt\/privatumas\/\" \/>\n<meta property=\"og:locale\" content=\"lt_LT\" \/>\n<meta property=\"og:type\" content=\"article\" \/>\n<meta property=\"og:title\" content=\"Privacy Policy | Bohocolor\" \/>\n<meta property=\"og:description\" content=\"Personalized phone cases that match your energy, style, and story.\" \/>\n<meta property=\"og:url\" content=\"https:\/\/www.bohocolor.com\/lt\/privatumas\/\" \/>\n<meta property=\"og:site_name\" content=\"Bohocolor\" \/>\n<meta property=\"article:publisher\" content=\"https:\/\/www.facebook.com\/bohocolor\" \/>\n<meta property=\"article:modified_time\" content=\"2025-04-27T18:57:57+00:00\" \/>\n<meta property=\"og:image\" content=\"https:\/\/www.bohocolor.com\/wp-content\/uploads\/2025\/05\/bohocolor_preview_01.jpg\" \/>\n\t<meta property=\"og:image:width\" content=\"1200\" \/>\n\t<meta property=\"og:image:height\" content=\"675\" \/>\n\t<meta property=\"og:image:type\" content=\"image\/jpeg\" \/>\n<meta name=\"twitter:card\" content=\"summary_large_image\" \/>\n<meta name=\"twitter:label1\" content=\"Est. reading time\" \/>\n\t<meta name=\"twitter:data1\" content=\"3 minut\u0117s\" \/>\n<script type=\"application\/ld+json\" class=\"yoast-schema-graph\">{\"@context\":\"https:\/\/schema.org\",\"@graph\":[{\"@type\":\"WebPage\",\"@id\":\"https:\/\/www.bohocolor.com\/privacy\/\",\"url\":\"https:\/\/www.bohocolor.com\/privacy\/\",\"name\":\"Privacy Policy | Bohocolor\",\"isPartOf\":{\"@id\":\"https:\/\/www.bohocolor.com\/#website\"},\"datePublished\":\"2024-06-10T08:15:29+00:00\",\"dateModified\":\"2025-04-27T18:57:57+00:00\",\"description\":\"Personalized phone cases that match your energy, style, and story.\",\"breadcrumb\":{\"@id\":\"https:\/\/www.bohocolor.com\/privacy\/#breadcrumb\"},\"inLanguage\":\"lt-LT\",\"potentialAction\":[{\"@type\":\"ReadAction\",\"target\":[\"https:\/\/www.bohocolor.com\/privacy\/\"]}]},{\"@type\":\"BreadcrumbList\",\"@id\":\"https:\/\/www.bohocolor.com\/privacy\/#breadcrumb\",\"itemListElement\":[{\"@type\":\"ListItem\",\"position\":1,\"name\":\"Home\",\"item\":\"https:\/\/www.bohocolor.com\/\"},{\"@type\":\"ListItem\",\"position\":2,\"name\":\"Privacy Policy\"}]},{\"@type\":\"WebSite\",\"@id\":\"https:\/\/www.bohocolor.com\/#website\",\"url\":\"https:\/\/www.bohocolor.com\/\",\"name\":\"Bohocolor\",\"description\":\"Great Vibes Everyday\",\"publisher\":{\"@id\":\"https:\/\/www.bohocolor.com\/#organization\"},\"potentialAction\":[{\"@type\":\"SearchAction\",\"target\":{\"@type\":\"EntryPoint\",\"urlTemplate\":\"https:\/\/www.bohocolor.com\/?s={search_term_string}\"},\"query-input\":{\"@type\":\"PropertyValueSpecification\",\"valueRequired\":true,\"valueName\":\"search_term_string\"}}],\"inLanguage\":\"lt-LT\"},{\"@type\":\"Organization\",\"@id\":\"https:\/\/www.bohocolor.com\/#organization\",\"name\":\"Bohocolor\",\"url\":\"https:\/\/www.bohocolor.com\/\",\"logo\":{\"@type\":\"ImageObject\",\"inLanguage\":\"lt-LT\",\"@id\":\"https:\/\/www.bohocolor.com\/#\/schema\/logo\/image\/\",\"url\":\"https:\/\/www.bohocolor.com\/wp-content\/uploads\/2025\/05\/bohocolor_emblem_10_transparent.png\",\"contentUrl\":\"https:\/\/www.bohocolor.com\/wp-content\/uploads\/2025\/05\/bohocolor_emblem_10_transparent.png\",\"width\":1991,\"height\":1991,\"caption\":\"Bohocolor\"},\"image\":{\"@id\":\"https:\/\/www.bohocolor.com\/#\/schema\/logo\/image\/\"},\"sameAs\":[\"https:\/\/www.facebook.com\/bohocolor\"]}]}<\/script>\n<!-- \/ Yoast SEO Premium plugin. -->","yoast_head_json":{"title":"Privatumo politika | Bohocolor","description":"Personalizuoti telefono d\u0117klai, atitinkantys j\u016bs\u0173 energij\u0105, stili\u0173 ir istorij\u0105.","robots":{"index":"index","follow":"follow","max-snippet":"max-snippet:-1","max-image-preview":"max-image-preview:large","max-video-preview":"max-video-preview:-1"},"canonical":"https:\/\/www.bohocolor.com\/lt\/privatumas\/","og_locale":"lt_LT","og_type":"article","og_title":"Privacy Policy | Bohocolor","og_description":"Personalized phone cases that match your energy, style, and story.","og_url":"https:\/\/www.bohocolor.com\/lt\/privatumas\/","og_site_name":"Bohocolor","article_publisher":"https:\/\/www.facebook.com\/bohocolor","article_modified_time":"2025-04-27T18:57:57+00:00","og_image":[{"width":1200,"height":675,"url":"https:\/\/www.bohocolor.com\/wp-content\/uploads\/2025\/05\/bohocolor_preview_01.jpg","type":"image\/jpeg"}],"twitter_card":"summary_large_image","twitter_misc":{"Est. reading time":"3 minut\u0117s"},"schema":{"@context":"https:\/\/schema.org","@graph":[{"@type":"WebPage","@id":"https:\/\/www.bohocolor.com\/privacy\/","url":"https:\/\/www.bohocolor.com\/privacy\/","name":"Privatumo politika | Bohocolor","isPartOf":{"@id":"https:\/\/www.bohocolor.com\/#website"},"datePublished":"2024-06-10T08:15:29+00:00","dateModified":"2025-04-27T18:57:57+00:00","description":"Personalizuoti telefono d\u0117klai, atitinkantys j\u016bs\u0173 energij\u0105, stili\u0173 ir istorij\u0105.","breadcrumb":{"@id":"https:\/\/www.bohocolor.com\/privacy\/#breadcrumb"},"inLanguage":"lt-LT","potentialAction":[{"@type":"ReadAction","target":["https:\/\/www.bohocolor.com\/privacy\/"]}]},{"@type":"BreadcrumbList","@id":"https:\/\/www.bohocolor.com\/privacy\/#breadcrumb","itemListElement":[{"@type":"ListItem","position":1,"name":"Home","item":"https:\/\/www.bohocolor.com\/"},{"@type":"ListItem","position":2,"name":"Privacy Policy"}]},{"@type":"WebSite","@id":"https:\/\/www.bohocolor.com\/#website","url":"https:\/\/www.bohocolor.com\/","name":"Bohocolor","description":"Labai Ritmais Kasdien","publisher":{"@id":"https:\/\/www.bohocolor.com\/#organization"},"potentialAction":[{"@type":"SearchAction","target":{"@type":"EntryPoint","urlTemplate":"https:\/\/www.bohocolor.com\/?s={search_term_string}"},"query-input":{"@type":"PropertyValueSpecification","valueRequired":true,"valueName":"search_term_string"}}],"inLanguage":"lt-LT"},{"@type":"Organization","@id":"https:\/\/www.bohocolor.com\/#organization","name":"Bohocolor","url":"https:\/\/www.bohocolor.com\/","logo":{"@type":"ImageObject","inLanguage":"lt-LT","@id":"https:\/\/www.bohocolor.com\/#\/schema\/logo\/image\/","url":"https:\/\/www.bohocolor.com\/wp-content\/uploads\/2025\/05\/bohocolor_emblem_10_transparent.png","contentUrl":"https:\/\/www.bohocolor.com\/wp-content\/uploads\/2025\/05\/bohocolor_emblem_10_transparent.png","width":1991,"height":1991,"caption":"Bohocolor"},"image":{"@id":"https:\/\/www.bohocolor.com\/#\/schema\/logo\/image\/"},"sameAs":["https:\/\/www.facebook.com\/bohocolor"]}]}},"_links":{"self":[{"href":"https:\/\/www.bohocolor.com\/lt\/wp-json\/wp\/v2\/pages\/185","targetHints":{"allow":["GET"]}}],"collection":[{"href":"https:\/\/www.bohocolor.com\/lt\/wp-json\/wp\/v2\/pages"}],"about":[{"href":"https:\/\/www.bohocolor.com\/lt\/wp-json\/wp\/v2\/types\/page"}],"author":[{"embeddable":true,"href":"https:\/\/www.bohocolor.com\/lt\/wp-json\/wp\/v2\/users\/1"}],"replies":[{"embeddable":true,"href":"https:\/\/www.bohocolor.com\/lt\/wp-json\/wp\/v2\/comments?post=185"}],"version-history":[{"count":0,"href":"https:\/\/www.bohocolor.com\/lt\/wp-json\/wp\/v2\/pages\/185\/revisions"}],"wp:attachment":[{"href":"https:\/\/www.bohocolor.com\/lt\/wp-json\/wp\/v2\/media?parent=185"}],"curies":[{"name":"wp","href":"https:\/\/api.w.org\/{rel}","templated":true}]}}