{"id":206,"date":"2024-06-10T08:18:09","date_gmt":"2024-06-10T08:18:09","guid":{"rendered":"https:\/\/raw.githubusercontent.com\/drfuri\/demo-content\/main\/ecomus\/fashion\/images\/?page_id=206"},"modified":"2025-07-30T11:47:52","modified_gmt":"2025-07-30T08:47:52","slug":"kontaktas","status":"publish","type":"page","link":"https:\/\/www.bohocolor.com\/lt\/kontaktas\/","title":{"rendered":"Kontaktai"},"content":{"rendered":"<div data-elementor-type=\"wp-page\" data-elementor-id=\"206\" class=\"elementor elementor-206\" data-elementor-post-type=\"page\">\n\t\t\t\t<div class=\"elementor-element elementor-element-5914fcdc e-flex e-con-boxed ecomus-responsive-column ecomus-tablet-column--default ecomus-responsive-column ecomus-mobile-column--default e-con e-parent\" data-id=\"5914fcdc\" data-element_type=\"container\">\n\t\t\t\t\t<div class=\"e-con-inner\">\n\t\t<div class=\"elementor-element elementor-element-7b7f01a8 e-con-full e-flex ecomus-responsive-column ecomus-tablet-column--default ecomus-responsive-column ecomus-mobile-column--default e-con e-child\" data-id=\"7b7f01a8\" data-element_type=\"container\">\n\t\t\t\t<div class=\"elementor-element elementor-element-14d326e7 elementor-widget elementor-widget-heading\" data-id=\"14d326e7\" data-element_type=\"widget\" data-widget_type=\"heading.default\">\n\t\t\t\t<div class=\"elementor-widget-container\">\n\t\t\t\t\t<h5 class=\"elementor-heading-title elementor-size-default\">Bohocolor<\/h5>\t\t\t\t<\/div>\n\t\t\t\t<\/div>\n\t\t\t\t<div class=\"elementor-element elementor-element-0dc616e elementor-widget elementor-widget-text-editor\" data-id=\"0dc616e\" data-element_type=\"widget\" data-widget_type=\"text-editor.default\">\n\t\t\t\t<div class=\"elementor-widget-container\">\n\t\t\t\t\t<style>.elementor-element-0dc616e{display:none !important}<\/style>\t\t\t\t<\/div>\n\t\t\t\t<\/div>\n\t\t\t\t<div class=\"elementor-element elementor-element-4d5b2757 elementor-hidden-desktop elementor-hidden-tablet elementor-hidden-mobile elementor-widget elementor-widget-text-editor\" data-id=\"4d5b2757\" data-element_type=\"widget\" data-widget_type=\"text-editor.default\">\n\t\t\t\t<div class=\"elementor-widget-container\">\n\t\t\t\t\t\t\t\t\t<p>Vilnius, Lietuva<\/p>\t\t\t\t\t\t\t\t<\/div>\n\t\t\t\t<\/div>\n\t\t\t\t<div class=\"elementor-element elementor-element-412306c1 elementor-widget elementor-widget-heading\" data-id=\"412306c1\" data-element_type=\"widget\" data-widget_type=\"heading.default\">\n\t\t\t\t<div class=\"elementor-widget-container\">\n\t\t\t\t\t<h6 class=\"elementor-heading-title elementor-size-default\">Telefonas<\/h6>\t\t\t\t<\/div>\n\t\t\t\t<\/div>\n\t\t\t\t<div class=\"elementor-element elementor-element-69e56256 elementor-widget elementor-widget-text-editor\" data-id=\"69e56256\" data-element_type=\"widget\" data-widget_type=\"text-editor.default\">\n\t\t\t\t<div class=\"elementor-widget-container\">\n\t\t\t\t\t\t\t\t\t<p>+370 663 74990<\/p>\t\t\t\t\t\t\t\t<\/div>\n\t\t\t\t<\/div>\n\t\t\t\t<div class=\"elementor-element elementor-element-2ce667c6 elementor-widget elementor-widget-heading\" data-id=\"2ce667c6\" data-element_type=\"widget\" data-widget_type=\"heading.default\">\n\t\t\t\t<div class=\"elementor-widget-container\">\n\t\t\t\t\t<h6 class=\"elementor-heading-title elementor-size-default\">El. pa\u0161tas<\/h6>\t\t\t\t<\/div>\n\t\t\t\t<\/div>\n\t\t\t\t<div class=\"elementor-element elementor-element-1680f23 elementor-widget elementor-widget-text-editor\" data-id=\"1680f23\" data-element_type=\"widget\" data-widget_type=\"text-editor.default\">\n\t\t\t\t<div class=\"elementor-widget-container\">\n\t\t\t\t\t\t\t\t\t<p><a href=\"mailto:info@bohocolor.com\">info@bohocolor.com<\/a><\/p>\t\t\t\t\t\t\t\t<\/div>\n\t\t\t\t<\/div>\n\t\t\t\t<div class=\"elementor-element elementor-element-4da58e6e elementor-widget elementor-widget-heading\" data-id=\"4da58e6e\" data-element_type=\"widget\" data-widget_type=\"heading.default\">\n\t\t\t\t<div class=\"elementor-widget-container\">\n\t\t\t\t\t<h6 class=\"elementor-heading-title elementor-size-default\">Darbo laikas<\/h6>\t\t\t\t<\/div>\n\t\t\t\t<\/div>\n\t\t\t\t<div class=\"elementor-element elementor-element-26ba91a3 elementor-widget elementor-widget-text-editor\" data-id=\"26ba91a3\" data-element_type=\"widget\" data-widget_type=\"text-editor.default\">\n\t\t\t\t<div class=\"elementor-widget-container\">\n\t\t\t\t\t\t\t\t\t<p>I - IV 09:00 \u2013 17:00<br \/>V - 09:00 \u2013 16:00<\/p>\t\t\t\t\t\t\t\t<\/div>\n\t\t\t\t<\/div>\n\t\t\t\t<div class=\"elementor-element elementor-element-bfced9e e-grid-align-left elementor-shape-rounded elementor-grid-0 elementor-widget elementor-widget-social-icons\" data-id=\"bfced9e\" data-element_type=\"widget\" data-widget_type=\"social-icons.default\">\n\t\t\t\t<div class=\"elementor-widget-container\">\n\t\t\t\t\t\t\t<div class=\"elementor-social-icons-wrapper elementor-grid\">\n\t\t\t\t\t\t\t<span class=\"elementor-grid-item\">\n\t\t\t\t\t<a class=\"elementor-icon elementor-social-icon elementor-social-icon-facebook elementor-repeater-item-534b20e\" href=\"https:\/\/www.facebook.com\/bohocolor\/\" target=\"_blank\">\n\t\t\t\t\t\t<span class=\"elementor-screen-only\">Facebook<\/span>\n\t\t\t\t\t\t<svg aria-hidden=\"true\" class=\"e-font-icon-svg e-fab-facebook\" viewbox=\"0 0 512 512\" xmlns=\"http:\/\/www.w3.org\/2000\/svg\"><path d=\"M504 256C504 119 393 8 256 8S8 119 8 256c0 123.78 90.69 226.38 209.25 245V327.69h-63V256h63v-54.64c0-62.15 37-96.48 93.67-96.48 27.14 0 55.52 4.84 55.52 4.84v61h-31.28c-30.8 0-40.41 19.12-40.41 38.73V256h68.78l-11 71.69h-57.78V501C413.31 482.38 504 379.78 504 256z\"><\/path><\/svg>\t\t\t\t\t<\/a>\n\t\t\t\t<\/span>\n\t\t\t\t\t<\/div>\n\t\t\t\t\t\t<\/div>\n\t\t\t\t<\/div>\n\t\t\t\t<\/div>\n\t\t<div class=\"elementor-element elementor-element-7fae6aef e-con-full e-flex ecomus-responsive-column ecomus-tablet-column--default ecomus-responsive-column ecomus-mobile-column--default e-con e-child\" data-id=\"7fae6aef\" data-element_type=\"container\">\n\t\t\t\t<div class=\"elementor-element elementor-element-1eff7402 elementor-widget elementor-widget-heading\" data-id=\"1eff7402\" data-element_type=\"widget\" data-widget_type=\"heading.default\">\n\t\t\t\t<div class=\"elementor-widget-container\">\n\t\t\t\t\t<h5 class=\"elementor-heading-title elementor-size-default\">Bendraukime<\/h5>\t\t\t\t<\/div>\n\t\t\t\t<\/div>\n\t\t\t\t<div class=\"elementor-element elementor-element-1c69f465 elementor-widget elementor-widget-text-editor\" data-id=\"1c69f465\" data-element_type=\"widget\" data-widget_type=\"text-editor.default\">\n\t\t\t\t<div class=\"elementor-widget-container\">\n\t\t\t\t\t\t\t\t\t<p class=\"\" data-start=\"242\" data-end=\"365\">Para\u0161ykite mums \u017einut\u0119 ir mes pasistengsime atsakyti kuo grei\u010diau.<\/p>\t\t\t\t\t\t\t\t<\/div>\n\t\t\t\t<\/div>\n\t\t\t\t<div class=\"elementor-element elementor-element-56ca91a fluentform-widget-submit-button-center fluent-form-widget-step-header-yes fluent-form-widget-step-progressbar-yes fluentform-widget-submit-button-custom elementor-widget elementor-widget-fluent-form-widget\" data-id=\"56ca91a\" data-element_type=\"widget\" data-widget_type=\"fluent-form-widget.default\">\n\t\t\t\t<div class=\"elementor-widget-container\">\n\t\t\t\t\t\n            <div class=\"fluentform-widget-wrapper fluentform-widget-align-default\">\n\n            \n            <div class='fluentform ff-default fluentform_wrapper_1 ffs_default_wrap'><form data-form_id=\"1\" id=\"fluentform_1\" class=\"frm-fluent-form fluent_form_1 ff-el-form-top ff_form_instance_1_1 ff-form-loading ff_has_v3_recptcha ffs_default\" data-form_instance=\"ff_form_instance_1_1\" method=\"POST\" data-recptcha_key=\"6LfNZiUrAAAAAFVrM2VeK4jJEBzSrCQGEz9QKPcM\" action=\"\" ><fieldset  style=\"border: none!important;margin: 0!important;padding: 0!important;background-color: transparent!important;box-shadow: none!important;outline: none!important; min-inline-size: 100%;\">\n                    <legend class=\"ff_screen_reader_title\" style=\"display: block; margin: 0!important;padding: 0!important;height: 0!important;text-indent: -999999px;width: 0!important;overflow:hidden;\">Kontaktai<\/legend><input type='hidden' name='__fluent_form_embded_post_id' value='206' \/><input type=\"hidden\" id=\"_fluentform_1_fluentformnonce\" name=\"_fluentform_1_fluentformnonce\" value=\"a558342bb6\" \/><input type=\"hidden\" name=\"_wp_http_referer\" value=\"\/lt\/wp-json\/wp\/v2\/pages\/206\" \/><div data-type=\"name-element\" data-name=\"names\" class=\"ff-field_container ff-name-field-wrapper\" ><div class='ff-t-container'><div class='ff-t-cell'><div class='ff-el-group  ff-el-form-hide_label'><div class=\"ff-el-input--label ff-el-is-required asterisk-right\"><label for='ff_1_names_first_name_' id='label_ff_1_names_first_name_' >J\u016bs\u0173 vardas<\/label><\/div><div class='ff-el-input--content'><input type=\"text\" name=\"names[first_name]\" id=\"ff_1_names_first_name_\" class=\"ff-el-form-control\" placeholder=\"J\u016bs\u0173 vardas\" aria-invalid=\"false\" aria-required=\"true\"><\/div><\/div><\/div><\/div><\/div><div class='ff-el-group ff-el-form-hide_label'><div class=\"ff-el-input--label ff-el-is-required asterisk-right\"><label for='ff_1_email' id='label_ff_1_email' aria-label=\"El. pa\u0161tas\">El. pa\u0161tas<\/label><\/div><div class='ff-el-input--content'><input type=\"email\" name=\"email\" id=\"ff_1_email\" class=\"ff-el-form-control\" placeholder=\"El. pa\u0161to adresas\" data-name=\"email\"  aria-invalid=\"false\" aria-required=\"true\"><\/div><\/div><div class='ff-el-group ff-el-form-hide_label'><div class=\"ff-el-input--label ff-el-is-required asterisk-right\"><label for='ff_1_message' id='label_ff_1_message' aria-label=\"J\u016bs\u0173 \u017einut\u0117\">J\u016bs\u0173 \u017einut\u0117<\/label><\/div><div class='ff-el-input--content'><textarea aria-required=\"true\" aria-labelledby=\"label_ff_1_message\" name=\"message\" id=\"ff_1_message\" class=\"ff-el-form-control\" placeholder=\"J\u016bs\u0173 \u017einut\u0117\" rows=\"4\" cols=\"2\" data-name=\"message\" ><\/textarea><\/div><\/div><div class='ff-el-group ff-text-center ff_submit_btn_wrapper'><button type=\"submit\" class=\"ff-btn ff-btn-submit ff-btn-md ff_btn_style\"  aria-label=\"SI\u0172STI\">SI\u0172STI<\/button><\/div><\/fieldset><input type=\"hidden\" name=\"trp-form-language\" value=\"lt\"\/><\/form><div id='fluentform_1_errors' class='ff-errors-in-stack ff_form_instance_1_1 ff-form-loading_errors ff_form_instance_1_1_errors'><\/div><\/div>            <script type=\"text\/javascript\">\n                window.fluent_form_ff_form_instance_1_1 = {\"id\":\"1\",\"settings\":{\"layout\":{\"labelPlacement\":\"top\",\"helpMessagePlacement\":\"with_label\",\"errorMessagePlacement\":\"inline\",\"cssClassName\":\"\",\"asteriskPlacement\":\"asterisk-right\"},\"restrictions\":{\"denyEmptySubmission\":{\"enabled\":false}}},\"form_instance\":\"ff_form_instance_1_1\",\"form_id_selector\":\"fluentform_1\",\"rules\":{\"names[first_name]\":{\"required\":{\"value\":true,\"message\":\"This field is required\",\"global\":false,\"global_message\":\"This field is required\"}},\"names[middle_name]\":{\"required\":{\"value\":false,\"message\":\"This field is required\",\"global\":false,\"global_message\":\"This field is required\"}},\"names[last_name]\":{\"required\":{\"value\":false,\"message\":\"This field is required\",\"global\":false,\"global_message\":\"This field is required\"}},\"email\":{\"required\":{\"value\":true,\"message\":\"This field is required\",\"global\":false,\"global_message\":\"This field is required\"},\"email\":{\"value\":true,\"message\":\"This field must contain a valid email\",\"global\":false,\"global_message\":\"This field must contain a valid email\"}},\"message\":{\"required\":{\"value\":true,\"message\":\"This field is required\",\"global\":false,\"global_message\":\"This field is required\"}}},\"debounce_time\":300};\n                            <\/script>\n                        <\/div>\n\n            \t\t\t\t<\/div>\n\t\t\t\t<\/div>\n\t\t\t\t<\/div>\n\t\t\t\t\t<\/div>\n\t\t\t\t<\/div>\n\t\t<div class=\"elementor-element elementor-element-97f5505 e-con-full e-flex ecomus-responsive-column ecomus-tablet-column--default ecomus-responsive-column ecomus-mobile-column--default e-con e-parent\" data-id=\"97f5505\" data-element_type=\"container\">\n\t\t\t\t<div class=\"elementor-element elementor-element-2ae4b314 elementor-widget elementor-widget-google_maps\" data-id=\"2ae4b314\" data-element_type=\"widget\" data-widget_type=\"google_maps.default\">\n\t\t\t\t<div class=\"elementor-widget-container\">\n\t\t\t\t\t\t\t<div class=\"elementor-custom-embed\">\n\t\t\t<iframe loading=\"lazy\"\n\t\t\t\t\tsrc=\"https:\/\/maps.google.com\/maps?q=Vilnius&#038;t=m&#038;z=11&#038;output=embed&#038;iwloc=near\"\n\t\t\t\t\ttitle=\"Vilnius\"\n\t\t\t\t\taria-label=\"Vilnius\"\n\t\t\t><\/iframe>\n\t\t<\/div>\n\t\t\t\t\t\t<\/div>\n\t\t\t\t<\/div>\n\t\t\t\t<\/div>\n\t\t<div class=\"elementor-element elementor-element-0f2ae89 e-con-full e-flex ecomus-responsive-column ecomus-tablet-column--default ecomus-responsive-column ecomus-mobile-column--default e-con e-parent\" data-id=\"0f2ae89\" data-element_type=\"container\">\n\t\t\t\t<div class=\"elementor-element elementor-element-d77260c elementor-widget elementor-widget-text-editor\" data-id=\"d77260c\" data-element_type=\"widget\" data-widget_type=\"text-editor.default\">\n\t\t\t\t<div class=\"elementor-widget-container\">\n\t\t\t\t\t\t\t\t\t<p>\"Bohocolor\" Privati individuali veikla<br \/>Registracijos Nr. 1442458 Louvalie Loyola Caju<br \/>Valstie\u010di\u0173 g. 41, LT-89213, Ma\u017eeikiai<\/p>\t\t\t\t\t\t\t\t<\/div>\n\t\t\t\t<\/div>\n\t\t\t\t<\/div>\n\t\t\t\t<\/div>","protected":false},"excerpt":{"rendered":"<p>Bohocolor Vilnius, Lithuania Vilnius, Lithuania Phone +370 663 74990 Email info@bohocolor.com Hours Our Live Chat and Phone Support is availableevery day from 8:00 AM to 6:00 PM. Facebook Talk to Us We\u2019d love to hear from you. Send us a message and we\u2019ll respond as quickly as possible. Contact Us Your nameEmailYour MessageSEND Bohocolor Private [&hellip;]<\/p>","protected":false},"author":1,"featured_media":0,"parent":0,"menu_order":0,"comment_status":"closed","ping_status":"closed","template":"","meta":{"inline_featured_image":false,"footnotes":""},"class_list":["post-206","page","type-page","status-publish","hentry"],"yoast_head":"<!-- This site is optimized with the Yoast SEO Premium plugin v24.9 (Yoast SEO v27.2) - https:\/\/yoast.com\/product\/yoast-seo-premium-wordpress\/ -->\n<title>Contact | Bohocolor<\/title>\n<meta name=\"description\" content=\"Personalized phone cases that match your energy, style, and story.\" \/>\n<meta name=\"robots\" content=\"index, follow, max-snippet:-1, max-image-preview:large, max-video-preview:-1\" \/>\n<link rel=\"canonical\" href=\"https:\/\/www.bohocolor.com\/lt\/kontaktas\/\" \/>\n<meta property=\"og:locale\" content=\"lt_LT\" \/>\n<meta property=\"og:type\" content=\"article\" \/>\n<meta property=\"og:title\" content=\"Contact | Bohocolor\" \/>\n<meta property=\"og:description\" content=\"Personalized phone cases that match your energy, style, and story.\" \/>\n<meta property=\"og:url\" content=\"https:\/\/www.bohocolor.com\/lt\/kontaktas\/\" \/>\n<meta property=\"og:site_name\" content=\"Bohocolor\" \/>\n<meta property=\"article:publisher\" content=\"https:\/\/www.facebook.com\/bohocolor\" \/>\n<meta property=\"article:modified_time\" content=\"2025-07-30T08:47:52+00:00\" \/>\n<meta property=\"og:image\" content=\"https:\/\/www.bohocolor.com\/wp-content\/uploads\/2025\/05\/bohocolor_preview_01.jpg\" \/>\n\t<meta property=\"og:image:width\" content=\"1200\" \/>\n\t<meta property=\"og:image:height\" content=\"675\" \/>\n\t<meta property=\"og:image:type\" content=\"image\/jpeg\" \/>\n<meta name=\"twitter:card\" content=\"summary_large_image\" \/>\n<meta name=\"twitter:label1\" content=\"Est. reading time\" \/>\n\t<meta name=\"twitter:data1\" content=\"1 minut\u0117\" \/>\n<script type=\"application\/ld+json\" class=\"yoast-schema-graph\">{\"@context\":\"https:\/\/schema.org\",\"@graph\":[{\"@type\":\"WebPage\",\"@id\":\"https:\/\/www.bohocolor.com\/contact\/\",\"url\":\"https:\/\/www.bohocolor.com\/contact\/\",\"name\":\"Contact | Bohocolor\",\"isPartOf\":{\"@id\":\"https:\/\/www.bohocolor.com\/#website\"},\"datePublished\":\"2024-06-10T08:18:09+00:00\",\"dateModified\":\"2025-07-30T08:47:52+00:00\",\"description\":\"Personalized phone cases that match your energy, style, and story.\",\"breadcrumb\":{\"@id\":\"https:\/\/www.bohocolor.com\/contact\/#breadcrumb\"},\"inLanguage\":\"lt-LT\",\"potentialAction\":[{\"@type\":\"ReadAction\",\"target\":[\"https:\/\/www.bohocolor.com\/contact\/\"]}]},{\"@type\":\"BreadcrumbList\",\"@id\":\"https:\/\/www.bohocolor.com\/contact\/#breadcrumb\",\"itemListElement\":[{\"@type\":\"ListItem\",\"position\":1,\"name\":\"Home\",\"item\":\"https:\/\/www.bohocolor.com\/\"},{\"@type\":\"ListItem\",\"position\":2,\"name\":\"Contact\"}]},{\"@type\":\"WebSite\",\"@id\":\"https:\/\/www.bohocolor.com\/#website\",\"url\":\"https:\/\/www.bohocolor.com\/\",\"name\":\"Bohocolor\",\"description\":\"Great Vibes Everyday\",\"publisher\":{\"@id\":\"https:\/\/www.bohocolor.com\/#organization\"},\"potentialAction\":[{\"@type\":\"SearchAction\",\"target\":{\"@type\":\"EntryPoint\",\"urlTemplate\":\"https:\/\/www.bohocolor.com\/?s={search_term_string}\"},\"query-input\":{\"@type\":\"PropertyValueSpecification\",\"valueRequired\":true,\"valueName\":\"search_term_string\"}}],\"inLanguage\":\"lt-LT\"},{\"@type\":\"Organization\",\"@id\":\"https:\/\/www.bohocolor.com\/#organization\",\"name\":\"Bohocolor\",\"url\":\"https:\/\/www.bohocolor.com\/\",\"logo\":{\"@type\":\"ImageObject\",\"inLanguage\":\"lt-LT\",\"@id\":\"https:\/\/www.bohocolor.com\/#\/schema\/logo\/image\/\",\"url\":\"https:\/\/www.bohocolor.com\/wp-content\/uploads\/2025\/05\/bohocolor_emblem_10_transparent.png\",\"contentUrl\":\"https:\/\/www.bohocolor.com\/wp-content\/uploads\/2025\/05\/bohocolor_emblem_10_transparent.png\",\"width\":1991,\"height\":1991,\"caption\":\"Bohocolor\"},\"image\":{\"@id\":\"https:\/\/www.bohocolor.com\/#\/schema\/logo\/image\/\"},\"sameAs\":[\"https:\/\/www.facebook.com\/bohocolor\"]}]}<\/script>\n<!-- \/ Yoast SEO Premium plugin. -->","yoast_head_json":{"title":"Kontaktai | Bohocolor","description":"Personalizuoti telefono d\u0117klai, atitinkantys j\u016bs\u0173 energij\u0105, stili\u0173 ir istorij\u0105.","robots":{"index":"index","follow":"follow","max-snippet":"max-snippet:-1","max-image-preview":"max-image-preview:large","max-video-preview":"max-video-preview:-1"},"canonical":"https:\/\/www.bohocolor.com\/lt\/kontaktas\/","og_locale":"lt_LT","og_type":"article","og_title":"Contact | Bohocolor","og_description":"Personalized phone cases that match your energy, style, and story.","og_url":"https:\/\/www.bohocolor.com\/lt\/kontaktas\/","og_site_name":"Bohocolor","article_publisher":"https:\/\/www.facebook.com\/bohocolor","article_modified_time":"2025-07-30T08:47:52+00:00","og_image":[{"width":1200,"height":675,"url":"https:\/\/www.bohocolor.com\/wp-content\/uploads\/2025\/05\/bohocolor_preview_01.jpg","type":"image\/jpeg"}],"twitter_card":"summary_large_image","twitter_misc":{"Est. reading time":"1 minut\u0117"},"schema":{"@context":"https:\/\/schema.org","@graph":[{"@type":"WebPage","@id":"https:\/\/www.bohocolor.com\/contact\/","url":"https:\/\/www.bohocolor.com\/contact\/","name":"Kontaktai | Bohocolor","isPartOf":{"@id":"https:\/\/www.bohocolor.com\/#website"},"datePublished":"2024-06-10T08:18:09+00:00","dateModified":"2025-07-30T08:47:52+00:00","description":"Personalizuoti telefono d\u0117klai, atitinkantys j\u016bs\u0173 energij\u0105, stili\u0173 ir istorij\u0105.","breadcrumb":{"@id":"https:\/\/www.bohocolor.com\/contact\/#breadcrumb"},"inLanguage":"lt-LT","potentialAction":[{"@type":"ReadAction","target":["https:\/\/www.bohocolor.com\/contact\/"]}]},{"@type":"BreadcrumbList","@id":"https:\/\/www.bohocolor.com\/contact\/#breadcrumb","itemListElement":[{"@type":"ListItem","position":1,"name":"Home","item":"https:\/\/www.bohocolor.com\/"},{"@type":"ListItem","position":2,"name":"Contact"}]},{"@type":"WebSite","@id":"https:\/\/www.bohocolor.com\/#website","url":"https:\/\/www.bohocolor.com\/","name":"Bohocolor","description":"Labai Ritmais Kasdien","publisher":{"@id":"https:\/\/www.bohocolor.com\/#organization"},"potentialAction":[{"@type":"SearchAction","target":{"@type":"EntryPoint","urlTemplate":"https:\/\/www.bohocolor.com\/?s={search_term_string}"},"query-input":{"@type":"PropertyValueSpecification","valueRequired":true,"valueName":"search_term_string"}}],"inLanguage":"lt-LT"},{"@type":"Organization","@id":"https:\/\/www.bohocolor.com\/#organization","name":"Bohocolor","url":"https:\/\/www.bohocolor.com\/","logo":{"@type":"ImageObject","inLanguage":"lt-LT","@id":"https:\/\/www.bohocolor.com\/#\/schema\/logo\/image\/","url":"https:\/\/www.bohocolor.com\/wp-content\/uploads\/2025\/05\/bohocolor_emblem_10_transparent.png","contentUrl":"https:\/\/www.bohocolor.com\/wp-content\/uploads\/2025\/05\/bohocolor_emblem_10_transparent.png","width":1991,"height":1991,"caption":"Bohocolor"},"image":{"@id":"https:\/\/www.bohocolor.com\/#\/schema\/logo\/image\/"},"sameAs":["https:\/\/www.facebook.com\/bohocolor"]}]}},"_links":{"self":[{"href":"https:\/\/www.bohocolor.com\/lt\/wp-json\/wp\/v2\/pages\/206","targetHints":{"allow":["GET"]}}],"collection":[{"href":"https:\/\/www.bohocolor.com\/lt\/wp-json\/wp\/v2\/pages"}],"about":[{"href":"https:\/\/www.bohocolor.com\/lt\/wp-json\/wp\/v2\/types\/page"}],"author":[{"embeddable":true,"href":"https:\/\/www.bohocolor.com\/lt\/wp-json\/wp\/v2\/users\/1"}],"replies":[{"embeddable":true,"href":"https:\/\/www.bohocolor.com\/lt\/wp-json\/wp\/v2\/comments?post=206"}],"version-history":[{"count":0,"href":"https:\/\/www.bohocolor.com\/lt\/wp-json\/wp\/v2\/pages\/206\/revisions"}],"wp:attachment":[{"href":"https:\/\/www.bohocolor.com\/lt\/wp-json\/wp\/v2\/media?parent=206"}],"curies":[{"name":"wp","href":"https:\/\/api.w.org\/{rel}","templated":true}]}}