{"id":10459,"date":"2025-05-06T19:18:00","date_gmt":"2025-05-06T16:18:00","guid":{"rendered":"https:\/\/www.bohocolor.com\/?post_type=product&#038;p=10459"},"modified":"2025-05-26T10:52:48","modified_gmt":"2025-05-26T07:52:48","slug":"alpiu-svytejimas","status":"publish","type":"product","link":"https:\/\/www.bohocolor.com\/lt\/preke\/alpiu-svytejimas\/","title":{"rendered":"Alpi\u0173 \u0161vyt\u0117jimas"},"content":{"rendered":"<p class=\"\" data-start=\"99\" data-end=\"511\">Stilingai apsaugokite savo telefon\u0105 naudodami <strong data-start=\"132\" data-end=\"184\">\"Bohocolor\" gra\u017eiai personalizuoti telefon\u0173 d\u0117klai<\/strong>, sukurtos atsi\u017evelgiant ir \u012f mad\u0105, ir \u012f funkcijas. Sukurta su <strong data-start=\"239\" data-end=\"279\">pa\u017eangi sm\u016bgi\u0173 slopinimo technologija<\/strong>, m\u016bs\u0173 d\u0117klai apsaugos j\u016bs\u0173 prietais\u0105 nuo kritimo, sm\u016bgi\u0173 ir kasdienio d\u0117v\u0117jimosi, ta\u010diau neprarasite i\u0161vaizdos. Kiekvienas d\u0117klas pasi\u017eymi \u0161iomis savyb\u0117mis <strong data-start=\"396\" data-end=\"428\">ry\u0161k\u016bs, niekada neblunkantys atspaudai<\/strong> kurie i\u0161liks dr\u0105s\u016bs ir ry\u0161k\u016bs, i\u0161ry\u0161kindami j\u016bs\u0173 unikali\u0105 asmenyb\u0119 ir darydami ilgalaik\u012f poveik\u012f.<\/p>\n<p class=\"\" data-start=\"513\" data-end=\"760\">M\u0117gaukit\u0117s visi\u0161ku patogumu d\u0117l <strong data-start=\"548\" data-end=\"571\">tiksliai i\u0161pjautos angos<\/strong>, kad b\u016bt\u0173 lengva pasiekti \u012fkrovimo laidus, mygtukus ir garsiakalbius. . <strong data-start=\"641\" data-end=\"664\">paauk\u0161tinto r\u0117melio dizainas<\/strong> papildomai apsaugo ekran\u0105 ir kamer\u0105, tod\u0117l telefonas i\u0161 vis\u0173 pusi\u0173 bus nepriekai\u0161tingai apsaugotas.<\/p>\n<p class=\"\" data-start=\"762\" data-end=\"1088\">Remiamas m\u016bs\u0173 <strong data-start=\"776\" data-end=\"797\">12 m\u0117nesi\u0173 garantija<\/strong>, \"Bohocolor\" telefon\u0173 d\u0117klai yra daugiau nei aksesuarai - tai patikimi, ak\u012f traukiantys stiliaus parei\u0161kimai. Nesvarbu, ar perkate <strong data-start=\"932\" data-end=\"954\">pasirinktiniai telefon\u0173 d\u0117klai<\/strong>, <strong data-start=\"956\" data-end=\"981\">meniniai telefon\u0173 dangteliai<\/strong>, arba <strong data-start=\"986\" data-end=\"1020\">patvar\u016bs apsauginiai telefon\u0173 d\u0117klai<\/strong>, \"Bohocolor\" yra puikus k\u016brybi\u0161kumo ir patvarumo derinys.<\/p>","protected":false},"excerpt":{"rendered":"<p>I\u0161g\u0105sdinkite diding\u0105 gro\u017e\u012f su \u0161iuo pritrenkian\u010diu kaln\u0173 telefono d\u0117klu. Legendin\u0117 Alpi\u0173 vir\u0161\u016bn\u0117 \u017eiba dramati\u0161ka \u0161viesa, keldama pagarbi\u0105 baim\u0119 ir paslapting\u0105 didyb\u0119. \u0160is laimingas personalizuotas telefono d\u0117klas yra jaudinantis ir smagus individualus parei\u0161kimas nuotyki\u0173 sieloms.<\/p>","protected":false},"featured_media":10442,"template":"","meta":{"inline_featured_image":false},"product_brand":[],"product_cat":[157,138,192],"product_tag":[],"class_list":{"0":"post-10459","1":"product","2":"type-product","3":"status-publish","4":"has-post-thumbnail","6":"product_cat-lifelike","7":"product_cat-nature","8":"product_cat-personalized","10":"first","11":"instock","12":"shipping-taxable","13":"purchasable","14":"product-type-simple"},"yoast_head":"<!-- This site is optimized with the Yoast SEO Premium plugin v24.9 (Yoast SEO v27.2) - https:\/\/yoast.com\/product\/yoast-seo-premium-wordpress\/ -->\n<title>Alpine Glow | Bohocolor<\/title>\n<meta name=\"robots\" content=\"index, follow, max-snippet:-1, max-image-preview:large, max-video-preview:-1\" \/>\n<link rel=\"canonical\" href=\"https:\/\/www.bohocolor.com\/lt\/preke\/alpiu-svytejimas\/\" \/>\n<meta property=\"og:locale\" content=\"lt_LT\" \/>\n<meta property=\"og:type\" content=\"article\" \/>\n<meta property=\"og:title\" content=\"Alpine Glow\" \/>\n<meta property=\"og:description\" content=\"Witness majestic beauty with this stunning mountain phone case. The iconic alpine peak glows with dramatic light, evoking awe and mysterious grandeur. This happy personalized phone case is an exciting and fun custom statement for adventure souls.\" \/>\n<meta property=\"og:url\" content=\"https:\/\/www.bohocolor.com\/lt\/preke\/alpiu-svytejimas\/\" \/>\n<meta property=\"og:site_name\" content=\"Bohocolor\" \/>\n<meta property=\"article:publisher\" content=\"https:\/\/www.facebook.com\/bohocolor\" \/>\n<meta property=\"article:modified_time\" content=\"2025-05-26T07:52:48+00:00\" \/>\n<meta property=\"og:image\" content=\"https:\/\/www.bohocolor.com\/wp-content\/uploads\/2025\/05\/BC0226_5_WRI_Alpine_Glow-scaled.jpg\" \/>\n\t<meta property=\"og:image:width\" content=\"2236\" \/>\n\t<meta property=\"og:image:height\" content=\"2560\" \/>\n\t<meta property=\"og:image:type\" content=\"image\/jpeg\" \/>\n<meta name=\"twitter:card\" content=\"summary_large_image\" \/>\n<meta name=\"twitter:label1\" content=\"Price\" \/>\n\t<meta name=\"twitter:data1\" content=\"24,95&nbsp;&euro;\" \/>\n\t<meta name=\"twitter:label2\" content=\"Availability\" \/>\n\t<meta name=\"twitter:data2\" content=\"In stock\" \/>\n<script type=\"application\/ld+json\" class=\"yoast-schema-graph\">{\"@context\":\"https:\/\/schema.org\",\"@graph\":[{\"@type\":\"WebPage\",\"@id\":\"https:\/\/www.bohocolor.com\/item\/alpine-glow\/\",\"url\":\"https:\/\/www.bohocolor.com\/item\/alpine-glow\/\",\"name\":\"Alpine Glow | Bohocolor\",\"isPartOf\":{\"@id\":\"https:\/\/www.bohocolor.com\/#website\"},\"primaryImageOfPage\":{\"@id\":\"https:\/\/www.bohocolor.com\/item\/alpine-glow\/#primaryimage\"},\"image\":{\"@id\":\"https:\/\/www.bohocolor.com\/item\/alpine-glow\/#primaryimage\"},\"thumbnailUrl\":\"https:\/\/www.bohocolor.com\/wp-content\/uploads\/2025\/05\/BC0226_5_WRI_Alpine_Glow-scaled.jpg\",\"datePublished\":\"2025-05-06T16:18:00+00:00\",\"dateModified\":\"2025-05-26T07:52:48+00:00\",\"breadcrumb\":{\"@id\":\"https:\/\/www.bohocolor.com\/item\/alpine-glow\/#breadcrumb\"},\"inLanguage\":\"lt-LT\",\"potentialAction\":[{\"@type\":\"ReadAction\",\"target\":[\"https:\/\/www.bohocolor.com\/item\/alpine-glow\/\"]}]},{\"@type\":\"ImageObject\",\"inLanguage\":\"lt-LT\",\"@id\":\"https:\/\/www.bohocolor.com\/item\/alpine-glow\/#primaryimage\",\"url\":\"https:\/\/www.bohocolor.com\/wp-content\/uploads\/2025\/05\/BC0226_5_WRI_Alpine_Glow-scaled.jpg\",\"contentUrl\":\"https:\/\/www.bohocolor.com\/wp-content\/uploads\/2025\/05\/BC0226_5_WRI_Alpine_Glow-scaled.jpg\",\"width\":2236,\"height\":2560},{\"@type\":\"BreadcrumbList\",\"@id\":\"https:\/\/www.bohocolor.com\/item\/alpine-glow\/#breadcrumb\",\"itemListElement\":[{\"@type\":\"ListItem\",\"position\":1,\"name\":\"Home\",\"item\":\"https:\/\/www.bohocolor.com\/\"},{\"@type\":\"ListItem\",\"position\":2,\"name\":\"Shop\",\"item\":\"https:\/\/www.bohocolor.com\/shop\/\"},{\"@type\":\"ListItem\",\"position\":3,\"name\":\"Alpine Glow\"}]},{\"@type\":\"WebSite\",\"@id\":\"https:\/\/www.bohocolor.com\/#website\",\"url\":\"https:\/\/www.bohocolor.com\/\",\"name\":\"Bohocolor\",\"description\":\"Great Vibes Everyday\",\"publisher\":{\"@id\":\"https:\/\/www.bohocolor.com\/#organization\"},\"potentialAction\":[{\"@type\":\"SearchAction\",\"target\":{\"@type\":\"EntryPoint\",\"urlTemplate\":\"https:\/\/www.bohocolor.com\/?s={search_term_string}\"},\"query-input\":{\"@type\":\"PropertyValueSpecification\",\"valueRequired\":true,\"valueName\":\"search_term_string\"}}],\"inLanguage\":\"lt-LT\"},{\"@type\":\"Organization\",\"@id\":\"https:\/\/www.bohocolor.com\/#organization\",\"name\":\"Bohocolor\",\"url\":\"https:\/\/www.bohocolor.com\/\",\"logo\":{\"@type\":\"ImageObject\",\"inLanguage\":\"lt-LT\",\"@id\":\"https:\/\/www.bohocolor.com\/#\/schema\/logo\/image\/\",\"url\":\"https:\/\/www.bohocolor.com\/wp-content\/uploads\/2025\/05\/bohocolor_emblem_10_transparent.png\",\"contentUrl\":\"https:\/\/www.bohocolor.com\/wp-content\/uploads\/2025\/05\/bohocolor_emblem_10_transparent.png\",\"width\":1991,\"height\":1991,\"caption\":\"Bohocolor\"},\"image\":{\"@id\":\"https:\/\/www.bohocolor.com\/#\/schema\/logo\/image\/\"},\"sameAs\":[\"https:\/\/www.facebook.com\/bohocolor\"]}]}<\/script>\n<meta property=\"product:price:amount\" content=\"24.95\" \/>\n<meta property=\"product:price:currency\" content=\"EUR\" \/>\n<meta property=\"og:availability\" content=\"instock\" \/>\n<meta property=\"product:availability\" content=\"instock\" \/>\n<meta property=\"product:retailer_item_id\" content=\"BC0226\" \/>\n<meta property=\"product:condition\" content=\"new\" \/>\n<!-- \/ Yoast SEO Premium plugin. -->","yoast_head_json":{"title":"Alpi\u0173 \u0161vyt\u0117jimas | Bohocolor","robots":{"index":"index","follow":"follow","max-snippet":"max-snippet:-1","max-image-preview":"max-image-preview:large","max-video-preview":"max-video-preview:-1"},"canonical":"https:\/\/www.bohocolor.com\/lt\/preke\/alpiu-svytejimas\/","og_locale":"lt_LT","og_type":"article","og_title":"Alpine Glow","og_description":"Witness majestic beauty with this stunning mountain phone case. The iconic alpine peak glows with dramatic light, evoking awe and mysterious grandeur. This happy personalized phone case is an exciting and fun custom statement for adventure souls.","og_url":"https:\/\/www.bohocolor.com\/lt\/preke\/alpiu-svytejimas\/","og_site_name":"Bohocolor","article_publisher":"https:\/\/www.facebook.com\/bohocolor","article_modified_time":"2025-05-26T07:52:48+00:00","og_image":[{"width":2236,"height":2560,"url":"https:\/\/www.bohocolor.com\/wp-content\/uploads\/2025\/05\/BC0226_5_WRI_Alpine_Glow-scaled.jpg","type":"image\/jpeg"}],"twitter_card":"summary_large_image","twitter_misc":{"Price":"24,95&nbsp;&euro;","Availability":"In stock"},"schema":{"@context":"https:\/\/schema.org","@graph":[{"@type":"WebPage","@id":"https:\/\/www.bohocolor.com\/item\/alpine-glow\/","url":"https:\/\/www.bohocolor.com\/item\/alpine-glow\/","name":"Alpi\u0173 \u0161vyt\u0117jimas | Bohocolor","isPartOf":{"@id":"https:\/\/www.bohocolor.com\/#website"},"primaryImageOfPage":{"@id":"https:\/\/www.bohocolor.com\/item\/alpine-glow\/#primaryimage"},"image":{"@id":"https:\/\/www.bohocolor.com\/item\/alpine-glow\/#primaryimage"},"thumbnailUrl":"https:\/\/www.bohocolor.com\/wp-content\/uploads\/2025\/05\/BC0226_5_WRI_Alpine_Glow-scaled.jpg","datePublished":"2025-05-06T16:18:00+00:00","dateModified":"2025-05-26T07:52:48+00:00","breadcrumb":{"@id":"https:\/\/www.bohocolor.com\/item\/alpine-glow\/#breadcrumb"},"inLanguage":"lt-LT","potentialAction":[{"@type":"ReadAction","target":["https:\/\/www.bohocolor.com\/item\/alpine-glow\/"]}]},{"@type":"ImageObject","inLanguage":"lt-LT","@id":"https:\/\/www.bohocolor.com\/item\/alpine-glow\/#primaryimage","url":"https:\/\/www.bohocolor.com\/wp-content\/uploads\/2025\/05\/BC0226_5_WRI_Alpine_Glow-scaled.jpg","contentUrl":"https:\/\/www.bohocolor.com\/wp-content\/uploads\/2025\/05\/BC0226_5_WRI_Alpine_Glow-scaled.jpg","width":2236,"height":2560},{"@type":"BreadcrumbList","@id":"https:\/\/www.bohocolor.com\/item\/alpine-glow\/#breadcrumb","itemListElement":[{"@type":"ListItem","position":1,"name":"Home","item":"https:\/\/www.bohocolor.com\/"},{"@type":"ListItem","position":2,"name":"Shop","item":"https:\/\/www.bohocolor.com\/shop\/"},{"@type":"ListItem","position":3,"name":"Alpine Glow"}]},{"@type":"WebSite","@id":"https:\/\/www.bohocolor.com\/#website","url":"https:\/\/www.bohocolor.com\/","name":"Bohocolor","description":"Labai Ritmais Kasdien","publisher":{"@id":"https:\/\/www.bohocolor.com\/#organization"},"potentialAction":[{"@type":"SearchAction","target":{"@type":"EntryPoint","urlTemplate":"https:\/\/www.bohocolor.com\/?s={search_term_string}"},"query-input":{"@type":"PropertyValueSpecification","valueRequired":true,"valueName":"search_term_string"}}],"inLanguage":"lt-LT"},{"@type":"Organization","@id":"https:\/\/www.bohocolor.com\/#organization","name":"Bohocolor","url":"https:\/\/www.bohocolor.com\/","logo":{"@type":"ImageObject","inLanguage":"lt-LT","@id":"https:\/\/www.bohocolor.com\/#\/schema\/logo\/image\/","url":"https:\/\/www.bohocolor.com\/wp-content\/uploads\/2025\/05\/bohocolor_emblem_10_transparent.png","contentUrl":"https:\/\/www.bohocolor.com\/wp-content\/uploads\/2025\/05\/bohocolor_emblem_10_transparent.png","width":1991,"height":1991,"caption":"Bohocolor"},"image":{"@id":"https:\/\/www.bohocolor.com\/#\/schema\/logo\/image\/"},"sameAs":["https:\/\/www.facebook.com\/bohocolor"]}]},"product_price_amount":"24.95","product_price_currency":"EUR","og_availability":"instock","product_availability":"instock","product_retailer_item_id":"BC0226","product_condition":"new"},"_links":{"self":[{"href":"https:\/\/www.bohocolor.com\/lt\/wp-json\/wp\/v2\/product\/10459","targetHints":{"allow":["GET"]}}],"collection":[{"href":"https:\/\/www.bohocolor.com\/lt\/wp-json\/wp\/v2\/product"}],"about":[{"href":"https:\/\/www.bohocolor.com\/lt\/wp-json\/wp\/v2\/types\/product"}],"wp:featuredmedia":[{"embeddable":true,"href":"https:\/\/www.bohocolor.com\/lt\/wp-json\/wp\/v2\/media\/10442"}],"wp:attachment":[{"href":"https:\/\/www.bohocolor.com\/lt\/wp-json\/wp\/v2\/media?parent=10459"}],"wp:term":[{"taxonomy":"product_brand","embeddable":true,"href":"https:\/\/www.bohocolor.com\/lt\/wp-json\/wp\/v2\/product_brand?post=10459"},{"taxonomy":"product_cat","embeddable":true,"href":"https:\/\/www.bohocolor.com\/lt\/wp-json\/wp\/v2\/product_cat?post=10459"},{"taxonomy":"product_tag","embeddable":true,"href":"https:\/\/www.bohocolor.com\/lt\/wp-json\/wp\/v2\/product_tag?post=10459"}],"curies":[{"name":"wp","href":"https:\/\/api.w.org\/{rel}","templated":true}]}}