{"id":8397,"date":"2025-04-23T11:42:00","date_gmt":"2025-04-23T08:42:00","guid":{"rendered":"https:\/\/www.bohocolor.com\/?post_type=product&#038;p=8397"},"modified":"2025-05-26T12:37:28","modified_gmt":"2025-05-26T09:37:28","slug":"dovana","status":"publish","type":"product","link":"https:\/\/www.bohocolor.com\/lt\/preke\/dovana\/","title":{"rendered":"Bohocolor dovan\u0173 kortel\u0117"},"content":{"rendered":"","protected":false},"excerpt":{"rendered":"<p style=\"padding-bottom: 0px;\" data-start=\"61\" data-end=\"357\">Dalinkit\u0117s spalv\u0173 ir k\u016brybi\u0161kumo d\u017eiaugsmu su \"Bohocolor\" dovana! Nustebinkite draugus ir \u0161eimos narius ka\u017ekuo unikaliu, ry\u0161kiu ir kupinu gyvyb\u0117s. Nesvarbu, ar tai b\u016bt\u0173 ypatinga proga, ar \u0161iaip, dovanokite dovan\u0105, kuri kelia \u0161ypsenas ir praskaidrina j\u0173 pasaul\u012f. Dovanokite dabar ir padarykite kiekvien\u0105 akimirk\u0105 nepamir\u0161tam\u0105!<\/p>\n<p><strong>Pristatymas \u012fskai\u010diuotas \u012f dovan\u0173 kortel\u0117s kain\u0105.<\/strong><\/p>","protected":false},"featured_media":9666,"template":"","meta":{"inline_featured_image":false},"product_brand":[],"product_cat":[139],"product_tag":[],"class_list":{"0":"post-8397","1":"product","2":"type-product","3":"status-publish","4":"has-post-thumbnail","6":"product_cat-gift","7":"product_shipping_class-gift-card","9":"first","10":"instock","11":"shipping-taxable","12":"purchasable","13":"product-type-variable","14":"has-default-attributes"},"yoast_head":"<!-- This site is optimized with the Yoast SEO Premium plugin v24.9 (Yoast SEO v27.2) - https:\/\/yoast.com\/product\/yoast-seo-premium-wordpress\/ -->\n<title>Bohocolor Gift Card | Bohocolor<\/title>\n<meta name=\"robots\" content=\"index, follow, max-snippet:-1, max-image-preview:large, max-video-preview:-1\" \/>\n<link rel=\"canonical\" href=\"https:\/\/www.bohocolor.com\/lt\/preke\/dovana\/\" \/>\n<meta property=\"og:locale\" content=\"lt_LT\" \/>\n<meta property=\"og:type\" content=\"article\" \/>\n<meta property=\"og:title\" content=\"Bohocolor Gift Card\" \/>\n<meta property=\"og:description\" content=\"Share the joy of color and creativity with a Bohocolor gift! Surprise your friends and family with something unique, vibrant, and full of life. Whether it&#039;s a special occasion or just because, give a gift that brings smiles and brightens their world. Gift now and make every moment unforgettable! Shipping is included with your Gift Card.\" \/>\n<meta property=\"og:url\" content=\"https:\/\/www.bohocolor.com\/lt\/preke\/dovana\/\" \/>\n<meta property=\"og:site_name\" content=\"Bohocolor\" \/>\n<meta property=\"article:publisher\" content=\"https:\/\/www.facebook.com\/bohocolor\" \/>\n<meta property=\"article:modified_time\" content=\"2025-05-26T09:37:28+00:00\" \/>\n<meta property=\"og:image\" content=\"https:\/\/www.bohocolor.com\/wp-content\/uploads\/2025\/04\/bohocolor_gift_card_02.jpg\" \/>\n\t<meta property=\"og:image:width\" content=\"877\" \/>\n\t<meta property=\"og:image:height\" content=\"675\" \/>\n\t<meta property=\"og:image:type\" content=\"image\/jpeg\" \/>\n<meta name=\"twitter:card\" content=\"summary_large_image\" \/>\n<meta name=\"twitter:label1\" content=\"Availability\" \/>\n\t<meta name=\"twitter:data1\" content=\"In stock\" \/>\n<script type=\"application\/ld+json\" class=\"yoast-schema-graph\">{\"@context\":\"https:\/\/schema.org\",\"@graph\":[{\"@type\":\"WebPage\",\"@id\":\"https:\/\/www.bohocolor.com\/item\/gift\/\",\"url\":\"https:\/\/www.bohocolor.com\/item\/gift\/\",\"name\":\"Bohocolor Gift Card | Bohocolor\",\"isPartOf\":{\"@id\":\"https:\/\/www.bohocolor.com\/#website\"},\"primaryImageOfPage\":{\"@id\":\"https:\/\/www.bohocolor.com\/item\/gift\/#primaryimage\"},\"image\":{\"@id\":\"https:\/\/www.bohocolor.com\/item\/gift\/#primaryimage\"},\"thumbnailUrl\":\"https:\/\/www.bohocolor.com\/wp-content\/uploads\/2025\/04\/bohocolor_gift_card_02.jpg\",\"datePublished\":\"2025-04-23T08:42:00+00:00\",\"dateModified\":\"2025-05-26T09:37:28+00:00\",\"breadcrumb\":{\"@id\":\"https:\/\/www.bohocolor.com\/item\/gift\/#breadcrumb\"},\"inLanguage\":\"lt-LT\",\"potentialAction\":[{\"@type\":\"ReadAction\",\"target\":[\"https:\/\/www.bohocolor.com\/item\/gift\/\"]}]},{\"@type\":\"ImageObject\",\"inLanguage\":\"lt-LT\",\"@id\":\"https:\/\/www.bohocolor.com\/item\/gift\/#primaryimage\",\"url\":\"https:\/\/www.bohocolor.com\/wp-content\/uploads\/2025\/04\/bohocolor_gift_card_02.jpg\",\"contentUrl\":\"https:\/\/www.bohocolor.com\/wp-content\/uploads\/2025\/04\/bohocolor_gift_card_02.jpg\",\"width\":877,\"height\":675},{\"@type\":\"BreadcrumbList\",\"@id\":\"https:\/\/www.bohocolor.com\/item\/gift\/#breadcrumb\",\"itemListElement\":[{\"@type\":\"ListItem\",\"position\":1,\"name\":\"Home\",\"item\":\"https:\/\/www.bohocolor.com\/\"},{\"@type\":\"ListItem\",\"position\":2,\"name\":\"Shop\",\"item\":\"https:\/\/www.bohocolor.com\/shop\/\"},{\"@type\":\"ListItem\",\"position\":3,\"name\":\"Bohocolor Gift Card\"}]},{\"@type\":\"WebSite\",\"@id\":\"https:\/\/www.bohocolor.com\/#website\",\"url\":\"https:\/\/www.bohocolor.com\/\",\"name\":\"Bohocolor\",\"description\":\"Great Vibes Everyday\",\"publisher\":{\"@id\":\"https:\/\/www.bohocolor.com\/#organization\"},\"potentialAction\":[{\"@type\":\"SearchAction\",\"target\":{\"@type\":\"EntryPoint\",\"urlTemplate\":\"https:\/\/www.bohocolor.com\/?s={search_term_string}\"},\"query-input\":{\"@type\":\"PropertyValueSpecification\",\"valueRequired\":true,\"valueName\":\"search_term_string\"}}],\"inLanguage\":\"lt-LT\"},{\"@type\":\"Organization\",\"@id\":\"https:\/\/www.bohocolor.com\/#organization\",\"name\":\"Bohocolor\",\"url\":\"https:\/\/www.bohocolor.com\/\",\"logo\":{\"@type\":\"ImageObject\",\"inLanguage\":\"lt-LT\",\"@id\":\"https:\/\/www.bohocolor.com\/#\/schema\/logo\/image\/\",\"url\":\"https:\/\/www.bohocolor.com\/wp-content\/uploads\/2025\/05\/bohocolor_emblem_10_transparent.png\",\"contentUrl\":\"https:\/\/www.bohocolor.com\/wp-content\/uploads\/2025\/05\/bohocolor_emblem_10_transparent.png\",\"width\":1991,\"height\":1991,\"caption\":\"Bohocolor\"},\"image\":{\"@id\":\"https:\/\/www.bohocolor.com\/#\/schema\/logo\/image\/\"},\"sameAs\":[\"https:\/\/www.facebook.com\/bohocolor\"]}]}<\/script>\n<meta property=\"og:availability\" content=\"instock\" \/>\n<meta property=\"product:availability\" content=\"instock\" \/>\n<meta property=\"product:retailer_item_id\" content=\"GIFTCARD\" \/>\n<meta property=\"product:condition\" content=\"new\" \/>\n<!-- \/ Yoast SEO Premium plugin. -->","yoast_head_json":{"title":"Bohocolor dovan\u0173 kortel\u0117 | Bohocolor","robots":{"index":"index","follow":"follow","max-snippet":"max-snippet:-1","max-image-preview":"max-image-preview:large","max-video-preview":"max-video-preview:-1"},"canonical":"https:\/\/www.bohocolor.com\/lt\/preke\/dovana\/","og_locale":"lt_LT","og_type":"article","og_title":"Bohocolor Gift Card","og_description":"Share the joy of color and creativity with a Bohocolor gift! Surprise your friends and family with something unique, vibrant, and full of life. Whether it's a special occasion or just because, give a gift that brings smiles and brightens their world. Gift now and make every moment unforgettable! Shipping is included with your Gift Card.","og_url":"https:\/\/www.bohocolor.com\/lt\/preke\/dovana\/","og_site_name":"Bohocolor","article_publisher":"https:\/\/www.facebook.com\/bohocolor","article_modified_time":"2025-05-26T09:37:28+00:00","og_image":[{"width":877,"height":675,"url":"https:\/\/www.bohocolor.com\/wp-content\/uploads\/2025\/04\/bohocolor_gift_card_02.jpg","type":"image\/jpeg"}],"twitter_card":"summary_large_image","twitter_misc":{"Availability":"In stock"},"schema":{"@context":"https:\/\/schema.org","@graph":[{"@type":"WebPage","@id":"https:\/\/www.bohocolor.com\/item\/gift\/","url":"https:\/\/www.bohocolor.com\/item\/gift\/","name":"Bohocolor dovan\u0173 kortel\u0117 | Bohocolor","isPartOf":{"@id":"https:\/\/www.bohocolor.com\/#website"},"primaryImageOfPage":{"@id":"https:\/\/www.bohocolor.com\/item\/gift\/#primaryimage"},"image":{"@id":"https:\/\/www.bohocolor.com\/item\/gift\/#primaryimage"},"thumbnailUrl":"https:\/\/www.bohocolor.com\/wp-content\/uploads\/2025\/04\/bohocolor_gift_card_02.jpg","datePublished":"2025-04-23T08:42:00+00:00","dateModified":"2025-05-26T09:37:28+00:00","breadcrumb":{"@id":"https:\/\/www.bohocolor.com\/item\/gift\/#breadcrumb"},"inLanguage":"lt-LT","potentialAction":[{"@type":"ReadAction","target":["https:\/\/www.bohocolor.com\/item\/gift\/"]}]},{"@type":"ImageObject","inLanguage":"lt-LT","@id":"https:\/\/www.bohocolor.com\/item\/gift\/#primaryimage","url":"https:\/\/www.bohocolor.com\/wp-content\/uploads\/2025\/04\/bohocolor_gift_card_02.jpg","contentUrl":"https:\/\/www.bohocolor.com\/wp-content\/uploads\/2025\/04\/bohocolor_gift_card_02.jpg","width":877,"height":675},{"@type":"BreadcrumbList","@id":"https:\/\/www.bohocolor.com\/item\/gift\/#breadcrumb","itemListElement":[{"@type":"ListItem","position":1,"name":"Home","item":"https:\/\/www.bohocolor.com\/"},{"@type":"ListItem","position":2,"name":"Shop","item":"https:\/\/www.bohocolor.com\/shop\/"},{"@type":"ListItem","position":3,"name":"Bohocolor Gift Card"}]},{"@type":"WebSite","@id":"https:\/\/www.bohocolor.com\/#website","url":"https:\/\/www.bohocolor.com\/","name":"Bohocolor","description":"Labai Ritmais Kasdien","publisher":{"@id":"https:\/\/www.bohocolor.com\/#organization"},"potentialAction":[{"@type":"SearchAction","target":{"@type":"EntryPoint","urlTemplate":"https:\/\/www.bohocolor.com\/?s={search_term_string}"},"query-input":{"@type":"PropertyValueSpecification","valueRequired":true,"valueName":"search_term_string"}}],"inLanguage":"lt-LT"},{"@type":"Organization","@id":"https:\/\/www.bohocolor.com\/#organization","name":"Bohocolor","url":"https:\/\/www.bohocolor.com\/","logo":{"@type":"ImageObject","inLanguage":"lt-LT","@id":"https:\/\/www.bohocolor.com\/#\/schema\/logo\/image\/","url":"https:\/\/www.bohocolor.com\/wp-content\/uploads\/2025\/05\/bohocolor_emblem_10_transparent.png","contentUrl":"https:\/\/www.bohocolor.com\/wp-content\/uploads\/2025\/05\/bohocolor_emblem_10_transparent.png","width":1991,"height":1991,"caption":"Bohocolor"},"image":{"@id":"https:\/\/www.bohocolor.com\/#\/schema\/logo\/image\/"},"sameAs":["https:\/\/www.facebook.com\/bohocolor"]}]},"og_availability":"instock","product_availability":"instock","product_retailer_item_id":"GIFTCARD","product_condition":"new"},"_links":{"self":[{"href":"https:\/\/www.bohocolor.com\/lt\/wp-json\/wp\/v2\/product\/8397","targetHints":{"allow":["GET"]}}],"collection":[{"href":"https:\/\/www.bohocolor.com\/lt\/wp-json\/wp\/v2\/product"}],"about":[{"href":"https:\/\/www.bohocolor.com\/lt\/wp-json\/wp\/v2\/types\/product"}],"wp:featuredmedia":[{"embeddable":true,"href":"https:\/\/www.bohocolor.com\/lt\/wp-json\/wp\/v2\/media\/9666"}],"wp:attachment":[{"href":"https:\/\/www.bohocolor.com\/lt\/wp-json\/wp\/v2\/media?parent=8397"}],"wp:term":[{"taxonomy":"product_brand","embeddable":true,"href":"https:\/\/www.bohocolor.com\/lt\/wp-json\/wp\/v2\/product_brand?post=8397"},{"taxonomy":"product_cat","embeddable":true,"href":"https:\/\/www.bohocolor.com\/lt\/wp-json\/wp\/v2\/product_cat?post=8397"},{"taxonomy":"product_tag","embeddable":true,"href":"https:\/\/www.bohocolor.com\/lt\/wp-json\/wp\/v2\/product_tag?post=8397"}],"curies":[{"name":"wp","href":"https:\/\/api.w.org\/{rel}","templated":true}]}}